{"id":42171,"date":"2025-10-03T06:57:35","date_gmt":"2025-10-03T13:57:35","guid":{"rendered":"https:\/\/www.powerscreenofcalifornia.com\/?page_id=42171"},"modified":"2026-01-28T00:40:35","modified_gmt":"2026-01-28T08:40:35","slug":"estaciones-de-picking-2","status":"publish","type":"page","link":"https:\/\/www.powerscreenofcalifornia.com\/es\/usado\/estaciones-de-picking-2\/","title":{"rendered":"Estaciones de picking"},"content":{"rendered":"\n\n<div class=\"container\">\n\n    <div class=\"block-header-container\">\n\n                    <h2 class=\"block-header text-center \">Estaci\u00f3n de picking Soluciones usadas<\/h2>\n                            <div class=\"written block-text lg:text-lg\">La estaci\u00f3n de picking MGL usada es una m\u00e1quina de \u00faltima generaci\u00f3n dise\u00f1ada para ayudar a agilizar el proceso de picking en almacenes y centros de distribuci\u00f3n. Esta m\u00e1quina utiliza una serie de tecnolog\u00edas avanzadas, como brazos rob\u00f3ticos, sistemas de visi\u00f3n y sistemas de transporte automatizados, para recoger con rapidez y precisi\u00f3n art\u00edculos de pal\u00e9s, estanter\u00edas y otras zonas de almacenamiento.<\/div>\n        \n\n    <\/div>\n\n\n    \n<form class=\"sort-wrapper container\" name=\"ps-sortform\" action=\"#\" method=\"get\">\n\n\n        <div class=\"filters\">\n                            <select class=\"dynamic-sort\" name=\"brand filter-select\" id=\"brand\">\n                     <option value=\"default\" disabled selected>Marca<\/option>\n                   <option value=\"morbark\">Morbark<\/option><option value=\"terex-recycling-systems\">Terex Recycling Systems<\/option><option value=\"mgl\">MGL<\/option>                <\/select>\n            \n            \n                <select class=\"dynamic-sort\" name=\"category filter-select\" id=\"category\">\n\n                    <option value=\"default\" disabled selected>Categor\u00eda<\/option>\n                                                                        <option value=\"estaciones-de-picking\">Estaciones de picking<\/option>\n                                                                                                <option value=\"soluciones-de-manipulacion-a-granel\">Soluciones de manipulaci\u00f3n a granel<\/option>\n                                                                                                <option value=\"planta-de-lavado\">Planta de lavado<\/option>\n                                                            <\/select>\n\n            \n                    <\/div>\n\n                \n        <p class=\"product-count flex items-center\">1 Productos<\/p>\n        \n        <div class=\"sort-by\">\n            <select class=\"dynamic-sort\" name=\"sortby\" id=\"sorter\">\n                                                                                        <option value=\"default\" disabled selected>Ordenar por<\/option>\n                                                                                                                                    <option value=\"machine-weight\">Peso de la m\u00e1quina<\/option>\n                                                                                                                                    <option value=\"title-asc\">Nombre (A-Z)<\/option>\n                                                                                                                                    <option value=\"title-desc\">Nombre (Z-A)<\/option>\n                                                                        <\/select>\n        <\/div>\n                <input type=\"hidden\" name=\"sorter\" value=\"submit\">\n    <\/form>\n<div class=\"container ranges-single\">\n\n    \n            <div class=\"product-card\">\n                <div class=\"product-card-inner\">\n                                        <div class=\"pc-image\" style=\"background-image:url(https:\/\/www.powerscreenofcalifornia.com\/wp-content\/uploads\/2026\/04\/Morbark-Picking-Station-EQ0000791-4.jpg)\"><\/div>\n                    <h3>2023 Estaci\u00f3n de recogida de Morbark<\/h3>\n                    <div class=\"pc-tag_wrapper\">\n                        <div class=\"pc-tag\">Estaciones de picking<\/div>                    <\/div>\n                    <div class=\"pc-shortdesc\">\n                        La estaci\u00f3n de recogida Morbark es una soluci\u00f3n de clasificaci\u00f3n manual duradera y eficaz,&#8230;                    <\/div>\n                <\/div>\n                <div class=\"product-card-links\">\n                    <a href=\"https:\/\/www.powerscreenofcalifornia.com\/es\/powerscreenproduct\/plantilla-de-maquina-usada-64\/\" class=\"text-black underline uppercase font-quicksand hover:text-teal\">\n                        Ver detalles del modelo                    <\/a>\n                                        <button class=\"pc-button pc-button-secondary\">\n                        <div onclick=\"quotepopup('2023 Estaci\u00f3n de recogida de Morbark')\">\n                            Solicitar presupuesto                        <\/div>\n                    <\/button>\n                <\/div>\n            <\/div>\n    <\/div>\n\n    \n<style>\n    .pagination {\n    display: flex;\n    flex-direction: row;\n    align-items: center;\n    justify-content: center;\n    margin-bottom: 45px;\n}\n\n.page-numbers {\n    padding: 5px;\n    margin: 0 5px;\n    width: 30px;\n    background: red;\n    height: 30px;\n    display: flex;\n    justify-content: center;\n    align-items: center;\n    border: 2px solid red;\n    border-radius: 5px;\n    color: white;\n}\n\n.page-numbers.current {\n    background-color: transparent;\n    color: black;\n}\n<\/style><\/div>\n<section id=\"two-col-block_28fb7841eb4d25fb8b4c6f6868f989a2\" class=\"two-col-block py-0 ccolumn-bg bg-primary margin-top-20 margin-bottom-20\">\n    \n    <div class=\"two-col-container                                  \">\n        <div class=\"grid grid-cols-1 mb-5 lg:grid-cols-2 lg:mb-0\" style=\"background-color:                                                                                           transparent;\">\n            \n                <div class=\"two-col-column-1                                             two-col-order-1\">\n                                            <img decoding=\"async\" class=\"two-col-image\" src=\"https:\/\/www.powerscreenofcalifornia.com\/wp-content\/uploads\/2023\/02\/recyclingphotos080-1-1024x768-2.jpg\" alt=\"\"\/>\n                    \n\n\n                   \n\n\n                   \n\n\n                <\/div>\n\n\n\n                <div class=\"two-col-column-2                                             two-col-order-2\">\n                    <div class=\"two-col-padding-right\" style=\"padding-top:15px;padding-bottom:15px;\">\n\n                                                    <h2 class=\"two-col-headingtext-white\">Comprometidos con la soluci\u00f3n adecuada<\/h2>\n                        \n                        \n                                                            <div class=\"two-col-text writtentext-grey-400\"><p>Nuestro equipo de expertos del sector cuenta con a\u00f1os de experiencia y conocimiento de la amplia gama de opciones de maquinaria. Esto significa que podemos trabajar con usted para comprender sus objetivos y aconsejarle la mejor soluci\u00f3n que se ajuste a su presupuesto, sin dejar de alcanzar sus metas.<\/p>\n<\/div>\n                            \n                                                                                                <a class=\"button-primary button-col-primary\" href=\"https:\/\/www.powerscreenofcalifornia.com\/es\/categorias-3\/trituradoras-de-mandibulas\/\">M\u00e1s informaci\u00f3n<\/a>\n                                                            \n                                            <\/div>\n                <\/div>\n\n\n                    <\/div>\n    <\/div>\n<\/section>\n<section id=\"two-col-block_fda087a37dfe3025917cab6cb5f3a443\" class=\"two-col-block py-12 lg:py-24 bg-transparent margin-top-20 margin-bottom-20\">\n    \n    <div class=\"two-col-container                                  container\">\n        <div class=\"grid grid-cols-1 mb-5 lg:grid-cols-2 lg:mb-0\" style=\"background-color:                                                                                           transparent;\">\n            \n                <div class=\"two-col-column-1                                             two-col-order-2\">\n                                            <img decoding=\"async\" class=\"two-col-image\" src=\"https:\/\/www.powerscreenofcalifornia.com\/wp-content\/uploads\/2023\/02\/product-images_0000s_0001_PPS2BAY627-4.png\" alt=\"\"\/>\n                    \n\n\n                   \n\n\n                   \n\n\n                <\/div>\n\n\n\n                <div class=\"two-col-column-2                                             two-col-order-1\">\n                    <div class=\"two-col-padding-left\" style=\"padding-top:15px;padding-bottom:15px;\">\n\n                                                    <h2 class=\"two-col-headingtext-primary\">Comprometidos con la soluci\u00f3n adecuada<\/h2>\n                        \n                        \n                                                            <div class=\"two-col-text writtentext-grey\"><p>Nuestro equipo de expertos del sector cuenta con a\u00f1os de experiencia y conocimiento de la amplia gama de opciones de maquinaria. Esto significa que podemos trabajar con usted para comprender sus objetivos y aconsejarle la mejor soluci\u00f3n que se ajuste a su presupuesto, sin dejar de alcanzar sus metas.<\/p>\n<\/div>\n                            \n                                                                                                <a class=\"button-primary button-col-primary\" href=\"https:\/\/www.powerscreenofcalifornia.com\/es\/contacte-con-nosotros\/\">Contacta con nosotros<\/a>\n                                                            \n                                            <\/div>\n                <\/div>\n\n\n                    <\/div>\n    <\/div>\n<\/section>\n<div style=\"height:50px\" aria-hidden=\"true\" class=\"wp-block-spacer\"><\/div>\n","protected":false},"excerpt":{"rendered":"","protected":false},"author":9,"featured_media":0,"parent":33507,"menu_order":0,"comment_status":"closed","ping_status":"closed","template":"","meta":{"_acf_changed":false,"footnotes":""},"class_list":["post-42171","page","type-page","status-publish","hentry"],"acf":[],"yoast_head":"<!-- This site is optimized with the Yoast SEO plugin v27.5 - https:\/\/yoast.com\/product\/yoast-seo-wordpress\/ -->\n<title>Soluciones de estaciones de picking usadas | Powerscreen of California<\/title>\n<meta name=\"description\" content=\"La estaci\u00f3n de picking MGL usada es una m\u00e1quina de \u00faltima generaci\u00f3n dise\u00f1ada para ayudar a agilizar el proceso de picking en almacenes y centros de distribuci\u00f3n.\" \/>\n<meta name=\"robots\" content=\"index, follow, max-snippet:-1, max-image-preview:large, max-video-preview:-1\" \/>\n<link rel=\"canonical\" href=\"https:\/\/www.powerscreenofcalifornia.com\/es\/usado\/estaciones-de-picking-2\/\" \/>\n<meta property=\"og:locale\" content=\"es_ES\" \/>\n<meta property=\"og:type\" content=\"article\" \/>\n<meta property=\"og:title\" content=\"Soluciones de estaciones de picking usadas | Powerscreen of California\" \/>\n<meta property=\"og:description\" content=\"La estaci\u00f3n de picking MGL usada es una m\u00e1quina de \u00faltima generaci\u00f3n dise\u00f1ada para ayudar a agilizar el proceso de picking en almacenes y centros de distribuci\u00f3n.\" \/>\n<meta property=\"og:url\" content=\"https:\/\/www.powerscreenofcalifornia.com\/es\/usado\/estaciones-de-picking-2\/\" \/>\n<meta property=\"og:site_name\" content=\"Powerscreen of California\" \/>\n<meta property=\"article:publisher\" content=\"https:\/\/www.facebook.com\/powerscreenofcaliforniaandhawaii\/\" \/>\n<meta property=\"article:modified_time\" content=\"2026-01-28T08:40:35+00:00\" \/>\n<meta name=\"twitter:card\" content=\"summary_large_image\" \/>\n<meta name=\"twitter:site\" content=\"@PowerscreenCaHi\" \/>\n<script type=\"application\/ld+json\" class=\"yoast-schema-graph\">{\"@context\":\"https:\\\/\\\/schema.org\",\"@graph\":[{\"@type\":\"WebPage\",\"@id\":\"https:\\\/\\\/www.powerscreenofcalifornia.com\\\/es\\\/usado\\\/estaciones-de-picking-2\\\/\",\"url\":\"https:\\\/\\\/www.powerscreenofcalifornia.com\\\/es\\\/usado\\\/estaciones-de-picking-2\\\/\",\"name\":\"Soluciones de estaciones de picking usadas | Powerscreen of California\",\"isPartOf\":{\"@id\":\"https:\\\/\\\/www.powerscreenofcalifornia.com\\\/es\\\/#website\"},\"datePublished\":\"2025-10-03T13:57:35+00:00\",\"dateModified\":\"2026-01-28T08:40:35+00:00\",\"description\":\"La estaci\u00f3n de picking MGL usada es una m\u00e1quina de \u00faltima generaci\u00f3n dise\u00f1ada para ayudar a agilizar el proceso de picking en almacenes y centros de distribuci\u00f3n.\",\"breadcrumb\":{\"@id\":\"https:\\\/\\\/www.powerscreenofcalifornia.com\\\/es\\\/usado\\\/estaciones-de-picking-2\\\/#breadcrumb\"},\"inLanguage\":\"es\",\"potentialAction\":[{\"@type\":\"ReadAction\",\"target\":[\"https:\\\/\\\/www.powerscreenofcalifornia.com\\\/es\\\/usado\\\/estaciones-de-picking-2\\\/\"]}]},{\"@type\":\"BreadcrumbList\",\"@id\":\"https:\\\/\\\/www.powerscreenofcalifornia.com\\\/es\\\/usado\\\/estaciones-de-picking-2\\\/#breadcrumb\",\"itemListElement\":[{\"@type\":\"ListItem\",\"position\":1,\"name\":\"Inicio\",\"item\":\"https:\\\/\\\/www.powerscreenofcalifornia.com\\\/es\\\/\"},{\"@type\":\"ListItem\",\"position\":2,\"name\":\"Usado\",\"item\":\"https:\\\/\\\/www.powerscreenofcalifornia.com\\\/es\\\/usado\\\/\"},{\"@type\":\"ListItem\",\"position\":3,\"name\":\"Estaciones de picking\"}]},{\"@type\":\"WebSite\",\"@id\":\"https:\\\/\\\/www.powerscreenofcalifornia.com\\\/es\\\/#website\",\"url\":\"https:\\\/\\\/www.powerscreenofcalifornia.com\\\/es\\\/\",\"name\":\"Powerscreen of California\",\"description\":\"The West Coast\u2019s Leading Independent Dealer For Materials Processing Equipment\",\"publisher\":{\"@id\":\"https:\\\/\\\/www.powerscreenofcalifornia.com\\\/es\\\/#organization\"},\"potentialAction\":[{\"@type\":\"SearchAction\",\"target\":{\"@type\":\"EntryPoint\",\"urlTemplate\":\"https:\\\/\\\/www.powerscreenofcalifornia.com\\\/es\\\/?s={search_term_string}\"},\"query-input\":{\"@type\":\"PropertyValueSpecification\",\"valueRequired\":true,\"valueName\":\"search_term_string\"}}],\"inLanguage\":\"es\"},{\"@type\":\"Organization\",\"@id\":\"https:\\\/\\\/www.powerscreenofcalifornia.com\\\/es\\\/#organization\",\"name\":\"Powerscreen of California\",\"url\":\"https:\\\/\\\/www.powerscreenofcalifornia.com\\\/es\\\/\",\"logo\":{\"@type\":\"ImageObject\",\"inLanguage\":\"es\",\"@id\":\"https:\\\/\\\/www.powerscreenofcalifornia.com\\\/es\\\/#\\\/schema\\\/logo\\\/image\\\/\",\"url\":\"https:\\\/\\\/www.powerscreenofcalifornia.com\\\/wp-content\\\/uploads\\\/2023\\\/02\\\/PoCLogo.png\",\"contentUrl\":\"https:\\\/\\\/www.powerscreenofcalifornia.com\\\/wp-content\\\/uploads\\\/2023\\\/02\\\/PoCLogo.png\",\"width\":1200,\"height\":900,\"caption\":\"Powerscreen of California\"},\"image\":{\"@id\":\"https:\\\/\\\/www.powerscreenofcalifornia.com\\\/es\\\/#\\\/schema\\\/logo\\\/image\\\/\"},\"sameAs\":[\"https:\\\/\\\/www.facebook.com\\\/powerscreenofcaliforniaandhawaii\\\/\",\"https:\\\/\\\/x.com\\\/PowerscreenCaHi\",\"https:\\\/\\\/www.linkedin.com\\\/company\\\/powerscreen-of-california-&-hawaii\",\"https:\\\/\\\/www.instagram.com\\\/powerscreen_cali\"]}]}<\/script>\n<!-- \/ Yoast SEO plugin. -->","yoast_head_json":{"title":"Soluciones de estaciones de picking usadas | Powerscreen of California","description":"La estaci\u00f3n de picking MGL usada es una m\u00e1quina de \u00faltima generaci\u00f3n dise\u00f1ada para ayudar a agilizar el proceso de picking en almacenes y centros de distribuci\u00f3n.","robots":{"index":"index","follow":"follow","max-snippet":"max-snippet:-1","max-image-preview":"max-image-preview:large","max-video-preview":"max-video-preview:-1"},"canonical":"https:\/\/www.powerscreenofcalifornia.com\/es\/usado\/estaciones-de-picking-2\/","og_locale":"es_ES","og_type":"article","og_title":"Soluciones de estaciones de picking usadas | Powerscreen of California","og_description":"La estaci\u00f3n de picking MGL usada es una m\u00e1quina de \u00faltima generaci\u00f3n dise\u00f1ada para ayudar a agilizar el proceso de picking en almacenes y centros de distribuci\u00f3n.","og_url":"https:\/\/www.powerscreenofcalifornia.com\/es\/usado\/estaciones-de-picking-2\/","og_site_name":"Powerscreen of California","article_publisher":"https:\/\/www.facebook.com\/powerscreenofcaliforniaandhawaii\/","article_modified_time":"2026-01-28T08:40:35+00:00","twitter_card":"summary_large_image","twitter_site":"@PowerscreenCaHi","schema":{"@context":"https:\/\/schema.org","@graph":[{"@type":"WebPage","@id":"https:\/\/www.powerscreenofcalifornia.com\/es\/usado\/estaciones-de-picking-2\/","url":"https:\/\/www.powerscreenofcalifornia.com\/es\/usado\/estaciones-de-picking-2\/","name":"Soluciones de estaciones de picking usadas | Powerscreen of California","isPartOf":{"@id":"https:\/\/www.powerscreenofcalifornia.com\/es\/#website"},"datePublished":"2025-10-03T13:57:35+00:00","dateModified":"2026-01-28T08:40:35+00:00","description":"La estaci\u00f3n de picking MGL usada es una m\u00e1quina de \u00faltima generaci\u00f3n dise\u00f1ada para ayudar a agilizar el proceso de picking en almacenes y centros de distribuci\u00f3n.","breadcrumb":{"@id":"https:\/\/www.powerscreenofcalifornia.com\/es\/usado\/estaciones-de-picking-2\/#breadcrumb"},"inLanguage":"es","potentialAction":[{"@type":"ReadAction","target":["https:\/\/www.powerscreenofcalifornia.com\/es\/usado\/estaciones-de-picking-2\/"]}]},{"@type":"BreadcrumbList","@id":"https:\/\/www.powerscreenofcalifornia.com\/es\/usado\/estaciones-de-picking-2\/#breadcrumb","itemListElement":[{"@type":"ListItem","position":1,"name":"Inicio","item":"https:\/\/www.powerscreenofcalifornia.com\/es\/"},{"@type":"ListItem","position":2,"name":"Usado","item":"https:\/\/www.powerscreenofcalifornia.com\/es\/usado\/"},{"@type":"ListItem","position":3,"name":"Estaciones de picking"}]},{"@type":"WebSite","@id":"https:\/\/www.powerscreenofcalifornia.com\/es\/#website","url":"https:\/\/www.powerscreenofcalifornia.com\/es\/","name":"Powerscreen of California","description":"The West Coast\u2019s Leading Independent Dealer For Materials Processing Equipment","publisher":{"@id":"https:\/\/www.powerscreenofcalifornia.com\/es\/#organization"},"potentialAction":[{"@type":"SearchAction","target":{"@type":"EntryPoint","urlTemplate":"https:\/\/www.powerscreenofcalifornia.com\/es\/?s={search_term_string}"},"query-input":{"@type":"PropertyValueSpecification","valueRequired":true,"valueName":"search_term_string"}}],"inLanguage":"es"},{"@type":"Organization","@id":"https:\/\/www.powerscreenofcalifornia.com\/es\/#organization","name":"Powerscreen of California","url":"https:\/\/www.powerscreenofcalifornia.com\/es\/","logo":{"@type":"ImageObject","inLanguage":"es","@id":"https:\/\/www.powerscreenofcalifornia.com\/es\/#\/schema\/logo\/image\/","url":"https:\/\/www.powerscreenofcalifornia.com\/wp-content\/uploads\/2023\/02\/PoCLogo.png","contentUrl":"https:\/\/www.powerscreenofcalifornia.com\/wp-content\/uploads\/2023\/02\/PoCLogo.png","width":1200,"height":900,"caption":"Powerscreen of California"},"image":{"@id":"https:\/\/www.powerscreenofcalifornia.com\/es\/#\/schema\/logo\/image\/"},"sameAs":["https:\/\/www.facebook.com\/powerscreenofcaliforniaandhawaii\/","https:\/\/x.com\/PowerscreenCaHi","https:\/\/www.linkedin.com\/company\/powerscreen-of-california-&-hawaii","https:\/\/www.instagram.com\/powerscreen_cali"]}]}},"_links":{"self":[{"href":"https:\/\/www.powerscreenofcalifornia.com\/es\/wp-json\/wp\/v2\/pages\/42171","targetHints":{"allow":["GET"]}}],"collection":[{"href":"https:\/\/www.powerscreenofcalifornia.com\/es\/wp-json\/wp\/v2\/pages"}],"about":[{"href":"https:\/\/www.powerscreenofcalifornia.com\/es\/wp-json\/wp\/v2\/types\/page"}],"author":[{"embeddable":true,"href":"https:\/\/www.powerscreenofcalifornia.com\/es\/wp-json\/wp\/v2\/users\/9"}],"replies":[{"embeddable":true,"href":"https:\/\/www.powerscreenofcalifornia.com\/es\/wp-json\/wp\/v2\/comments?post=42171"}],"version-history":[{"count":3,"href":"https:\/\/www.powerscreenofcalifornia.com\/es\/wp-json\/wp\/v2\/pages\/42171\/revisions"}],"predecessor-version":[{"id":42261,"href":"https:\/\/www.powerscreenofcalifornia.com\/es\/wp-json\/wp\/v2\/pages\/42171\/revisions\/42261"}],"up":[{"embeddable":true,"href":"https:\/\/www.powerscreenofcalifornia.com\/es\/wp-json\/wp\/v2\/pages\/33507"}],"wp:attachment":[{"href":"https:\/\/www.powerscreenofcalifornia.com\/es\/wp-json\/wp\/v2\/media?parent=42171"}],"curies":[{"name":"wp","href":"https:\/\/api.w.org\/{rel}","templated":true}]}}