{"id":42034,"date":"2025-10-03T03:44:55","date_gmt":"2025-10-03T10:44:55","guid":{"rendered":"https:\/\/www.powerscreenofcalifornia.com\/?page_id=42034"},"modified":"2026-01-28T00:40:52","modified_gmt":"2026-01-28T08:40:52","slug":"404-2","status":"publish","type":"page","link":"https:\/\/www.powerscreenofcalifornia.com\/es\/usado\/404-2\/","title":{"rendered":"Rompedores"},"content":{"rendered":"\n\n<div class=\"container\">\n\n    <div class=\"block-header-container\">\n\n                    <h2 class=\"block-header text-center \">Martillos usados<\/h2>\n                            <div class=\"written block-text lg:text-lg\">Estos martillos est\u00e1n dise\u00f1ados para profesionales, pensando en su productividad, fiabilidad y facilidad de mantenimiento.<\/div>\n        \n\n    <\/div>\n\n\n    \n<form class=\"sort-wrapper container\" name=\"ps-sortform\" action=\"#\" method=\"get\">\n\n\n        <div class=\"filters\">\n                            <select class=\"dynamic-sort\" name=\"brand filter-select\" id=\"brand\">\n                     <option value=\"default\" disabled selected>Marca<\/option>\n                   <option value=\"bta-hammers\">BTA Hammers<\/option>                <\/select>\n            \n            \n                <select class=\"dynamic-sort\" name=\"category filter-select\" id=\"category\">\n\n                    <option value=\"default\" disabled selected>Categor\u00eda<\/option>\n                                                                        <option value=\"rompedores\">Rompedores<\/option>\n                                                            <\/select>\n\n            \n                    <\/div>\n\n                \n        <p class=\"product-count flex items-center\">0 Productos<\/p>\n        \n        <div class=\"sort-by\">\n            <select class=\"dynamic-sort\" name=\"sortby\" id=\"sorter\">\n                                                                                        <option value=\"default\" disabled selected>Ordenar por<\/option>\n                                                                                                                                    <option value=\"machine-weight\">Peso de la m\u00e1quina<\/option>\n                                                                                                                                    <option value=\"title-asc\">Nombre (A-Z)<\/option>\n                                                                                                                                    <option value=\"title-desc\">Nombre (Z-A)<\/option>\n                                                                        <\/select>\n        <\/div>\n                <input type=\"hidden\" name=\"sorter\" value=\"submit\">\n    <\/form>\n<div class=\"container ranges-single\">\n\n    No se han encontrado productos<\/div>\n\n    \n<style>\n    .pagination {\n    display: flex;\n    flex-direction: row;\n    align-items: center;\n    justify-content: center;\n    margin-bottom: 45px;\n}\n\n.page-numbers {\n    padding: 5px;\n    margin: 0 5px;\n    width: 30px;\n    background: red;\n    height: 30px;\n    display: flex;\n    justify-content: center;\n    align-items: center;\n    border: 2px solid red;\n    border-radius: 5px;\n    color: white;\n}\n\n.page-numbers.current {\n    background-color: transparent;\n    color: black;\n}\n<\/style><\/div>","protected":false},"excerpt":{"rendered":"","protected":false},"author":6,"featured_media":31544,"parent":33507,"menu_order":0,"comment_status":"closed","ping_status":"closed","template":"","meta":{"_acf_changed":false,"footnotes":""},"class_list":["post-42034","page","type-page","status-publish","has-post-thumbnail","hentry"],"acf":[],"yoast_head":"<!-- This site is optimized with the Yoast SEO plugin v27.5 - https:\/\/yoast.com\/product\/yoast-seo-wordpress\/ -->\n<title>Usado Rompedores - Powerscreen of California<\/title>\n<meta name=\"description\" content=\"Somos un distribuidor independiente l\u00edder de equipos industriales nuevos y usados. M\u00e1s informaci\u00f3n sobre Rompedores usados aqu\u00ed.\" \/>\n<meta name=\"robots\" content=\"index, follow, max-snippet:-1, max-image-preview:large, max-video-preview:-1\" \/>\n<link rel=\"canonical\" href=\"https:\/\/www.powerscreenofcalifornia.com\/es\/usado\/404-2\/\" \/>\n<meta property=\"og:locale\" content=\"es_ES\" \/>\n<meta property=\"og:type\" content=\"article\" \/>\n<meta property=\"og:title\" content=\"Usado Rompedores - Powerscreen of California\" \/>\n<meta property=\"og:description\" content=\"Somos un distribuidor independiente l\u00edder de equipos industriales nuevos y usados. M\u00e1s informaci\u00f3n sobre Rompedores usados aqu\u00ed.\" \/>\n<meta property=\"og:url\" content=\"https:\/\/www.powerscreenofcalifornia.com\/es\/usado\/404-2\/\" \/>\n<meta property=\"og:site_name\" content=\"Powerscreen of California\" \/>\n<meta property=\"article:publisher\" content=\"https:\/\/www.facebook.com\/powerscreenofcaliforniaandhawaii\/\" \/>\n<meta property=\"article:modified_time\" content=\"2026-01-28T08:40:52+00:00\" \/>\n<meta property=\"og:image\" content=\"https:\/\/www.powerscreenofcalifornia.com\/wp-content\/uploads\/2024\/06\/HX250-MH.png\" \/>\n\t<meta property=\"og:image:width\" content=\"1000\" \/>\n\t<meta property=\"og:image:height\" content=\"1000\" \/>\n\t<meta property=\"og:image:type\" content=\"image\/png\" \/>\n<meta name=\"twitter:card\" content=\"summary_large_image\" \/>\n<meta name=\"twitter:site\" content=\"@PowerscreenCaHi\" \/>\n<script type=\"application\/ld+json\" class=\"yoast-schema-graph\">{\"@context\":\"https:\\\/\\\/schema.org\",\"@graph\":[{\"@type\":\"WebPage\",\"@id\":\"https:\\\/\\\/www.powerscreenofcalifornia.com\\\/es\\\/usado\\\/404-2\\\/\",\"url\":\"https:\\\/\\\/www.powerscreenofcalifornia.com\\\/es\\\/usado\\\/404-2\\\/\",\"name\":\"Usado Rompedores - Powerscreen of California\",\"isPartOf\":{\"@id\":\"https:\\\/\\\/www.powerscreenofcalifornia.com\\\/es\\\/#website\"},\"primaryImageOfPage\":{\"@id\":\"https:\\\/\\\/www.powerscreenofcalifornia.com\\\/es\\\/usado\\\/404-2\\\/#primaryimage\"},\"image\":{\"@id\":\"https:\\\/\\\/www.powerscreenofcalifornia.com\\\/es\\\/usado\\\/404-2\\\/#primaryimage\"},\"thumbnailUrl\":\"https:\\\/\\\/www.powerscreenofcalifornia.com\\\/wp-content\\\/uploads\\\/2024\\\/06\\\/HX250-MH.png\",\"datePublished\":\"2025-10-03T10:44:55+00:00\",\"dateModified\":\"2026-01-28T08:40:52+00:00\",\"description\":\"Somos un distribuidor independiente l\u00edder de equipos industriales nuevos y usados. M\u00e1s informaci\u00f3n sobre Rompedores usados aqu\u00ed.\",\"breadcrumb\":{\"@id\":\"https:\\\/\\\/www.powerscreenofcalifornia.com\\\/es\\\/usado\\\/404-2\\\/#breadcrumb\"},\"inLanguage\":\"es\",\"potentialAction\":[{\"@type\":\"ReadAction\",\"target\":[\"https:\\\/\\\/www.powerscreenofcalifornia.com\\\/es\\\/usado\\\/404-2\\\/\"]}]},{\"@type\":\"ImageObject\",\"inLanguage\":\"es\",\"@id\":\"https:\\\/\\\/www.powerscreenofcalifornia.com\\\/es\\\/usado\\\/404-2\\\/#primaryimage\",\"url\":\"https:\\\/\\\/www.powerscreenofcalifornia.com\\\/wp-content\\\/uploads\\\/2024\\\/06\\\/HX250-MH.png\",\"contentUrl\":\"https:\\\/\\\/www.powerscreenofcalifornia.com\\\/wp-content\\\/uploads\\\/2024\\\/06\\\/HX250-MH.png\",\"width\":1000,\"height\":1000},{\"@type\":\"BreadcrumbList\",\"@id\":\"https:\\\/\\\/www.powerscreenofcalifornia.com\\\/es\\\/usado\\\/404-2\\\/#breadcrumb\",\"itemListElement\":[{\"@type\":\"ListItem\",\"position\":1,\"name\":\"Inicio\",\"item\":\"https:\\\/\\\/www.powerscreenofcalifornia.com\\\/es\\\/\"},{\"@type\":\"ListItem\",\"position\":2,\"name\":\"Usado\",\"item\":\"https:\\\/\\\/www.powerscreenofcalifornia.com\\\/es\\\/usado\\\/\"},{\"@type\":\"ListItem\",\"position\":3,\"name\":\"Rompedores\"}]},{\"@type\":\"WebSite\",\"@id\":\"https:\\\/\\\/www.powerscreenofcalifornia.com\\\/es\\\/#website\",\"url\":\"https:\\\/\\\/www.powerscreenofcalifornia.com\\\/es\\\/\",\"name\":\"Powerscreen of California\",\"description\":\"The West Coast\u2019s Leading Independent Dealer For Materials Processing Equipment\",\"publisher\":{\"@id\":\"https:\\\/\\\/www.powerscreenofcalifornia.com\\\/es\\\/#organization\"},\"potentialAction\":[{\"@type\":\"SearchAction\",\"target\":{\"@type\":\"EntryPoint\",\"urlTemplate\":\"https:\\\/\\\/www.powerscreenofcalifornia.com\\\/es\\\/?s={search_term_string}\"},\"query-input\":{\"@type\":\"PropertyValueSpecification\",\"valueRequired\":true,\"valueName\":\"search_term_string\"}}],\"inLanguage\":\"es\"},{\"@type\":\"Organization\",\"@id\":\"https:\\\/\\\/www.powerscreenofcalifornia.com\\\/es\\\/#organization\",\"name\":\"Powerscreen of California\",\"url\":\"https:\\\/\\\/www.powerscreenofcalifornia.com\\\/es\\\/\",\"logo\":{\"@type\":\"ImageObject\",\"inLanguage\":\"es\",\"@id\":\"https:\\\/\\\/www.powerscreenofcalifornia.com\\\/es\\\/#\\\/schema\\\/logo\\\/image\\\/\",\"url\":\"https:\\\/\\\/www.powerscreenofcalifornia.com\\\/wp-content\\\/uploads\\\/2023\\\/02\\\/PoCLogo.png\",\"contentUrl\":\"https:\\\/\\\/www.powerscreenofcalifornia.com\\\/wp-content\\\/uploads\\\/2023\\\/02\\\/PoCLogo.png\",\"width\":1200,\"height\":900,\"caption\":\"Powerscreen of California\"},\"image\":{\"@id\":\"https:\\\/\\\/www.powerscreenofcalifornia.com\\\/es\\\/#\\\/schema\\\/logo\\\/image\\\/\"},\"sameAs\":[\"https:\\\/\\\/www.facebook.com\\\/powerscreenofcaliforniaandhawaii\\\/\",\"https:\\\/\\\/x.com\\\/PowerscreenCaHi\",\"https:\\\/\\\/www.linkedin.com\\\/company\\\/powerscreen-of-california-&-hawaii\",\"https:\\\/\\\/www.instagram.com\\\/powerscreen_cali\"]}]}<\/script>\n<!-- \/ Yoast SEO plugin. -->","yoast_head_json":{"title":"Usado Rompedores - Powerscreen of California","description":"Somos un distribuidor independiente l\u00edder de equipos industriales nuevos y usados. M\u00e1s informaci\u00f3n sobre Rompedores usados aqu\u00ed.","robots":{"index":"index","follow":"follow","max-snippet":"max-snippet:-1","max-image-preview":"max-image-preview:large","max-video-preview":"max-video-preview:-1"},"canonical":"https:\/\/www.powerscreenofcalifornia.com\/es\/usado\/404-2\/","og_locale":"es_ES","og_type":"article","og_title":"Usado Rompedores - Powerscreen of California","og_description":"Somos un distribuidor independiente l\u00edder de equipos industriales nuevos y usados. M\u00e1s informaci\u00f3n sobre Rompedores usados aqu\u00ed.","og_url":"https:\/\/www.powerscreenofcalifornia.com\/es\/usado\/404-2\/","og_site_name":"Powerscreen of California","article_publisher":"https:\/\/www.facebook.com\/powerscreenofcaliforniaandhawaii\/","article_modified_time":"2026-01-28T08:40:52+00:00","og_image":[{"width":1000,"height":1000,"url":"https:\/\/www.powerscreenofcalifornia.com\/wp-content\/uploads\/2024\/06\/HX250-MH.png","type":"image\/png"}],"twitter_card":"summary_large_image","twitter_site":"@PowerscreenCaHi","schema":{"@context":"https:\/\/schema.org","@graph":[{"@type":"WebPage","@id":"https:\/\/www.powerscreenofcalifornia.com\/es\/usado\/404-2\/","url":"https:\/\/www.powerscreenofcalifornia.com\/es\/usado\/404-2\/","name":"Usado Rompedores - Powerscreen of California","isPartOf":{"@id":"https:\/\/www.powerscreenofcalifornia.com\/es\/#website"},"primaryImageOfPage":{"@id":"https:\/\/www.powerscreenofcalifornia.com\/es\/usado\/404-2\/#primaryimage"},"image":{"@id":"https:\/\/www.powerscreenofcalifornia.com\/es\/usado\/404-2\/#primaryimage"},"thumbnailUrl":"https:\/\/www.powerscreenofcalifornia.com\/wp-content\/uploads\/2024\/06\/HX250-MH.png","datePublished":"2025-10-03T10:44:55+00:00","dateModified":"2026-01-28T08:40:52+00:00","description":"Somos un distribuidor independiente l\u00edder de equipos industriales nuevos y usados. M\u00e1s informaci\u00f3n sobre Rompedores usados aqu\u00ed.","breadcrumb":{"@id":"https:\/\/www.powerscreenofcalifornia.com\/es\/usado\/404-2\/#breadcrumb"},"inLanguage":"es","potentialAction":[{"@type":"ReadAction","target":["https:\/\/www.powerscreenofcalifornia.com\/es\/usado\/404-2\/"]}]},{"@type":"ImageObject","inLanguage":"es","@id":"https:\/\/www.powerscreenofcalifornia.com\/es\/usado\/404-2\/#primaryimage","url":"https:\/\/www.powerscreenofcalifornia.com\/wp-content\/uploads\/2024\/06\/HX250-MH.png","contentUrl":"https:\/\/www.powerscreenofcalifornia.com\/wp-content\/uploads\/2024\/06\/HX250-MH.png","width":1000,"height":1000},{"@type":"BreadcrumbList","@id":"https:\/\/www.powerscreenofcalifornia.com\/es\/usado\/404-2\/#breadcrumb","itemListElement":[{"@type":"ListItem","position":1,"name":"Inicio","item":"https:\/\/www.powerscreenofcalifornia.com\/es\/"},{"@type":"ListItem","position":2,"name":"Usado","item":"https:\/\/www.powerscreenofcalifornia.com\/es\/usado\/"},{"@type":"ListItem","position":3,"name":"Rompedores"}]},{"@type":"WebSite","@id":"https:\/\/www.powerscreenofcalifornia.com\/es\/#website","url":"https:\/\/www.powerscreenofcalifornia.com\/es\/","name":"Powerscreen of California","description":"The West Coast\u2019s Leading Independent Dealer For Materials Processing Equipment","publisher":{"@id":"https:\/\/www.powerscreenofcalifornia.com\/es\/#organization"},"potentialAction":[{"@type":"SearchAction","target":{"@type":"EntryPoint","urlTemplate":"https:\/\/www.powerscreenofcalifornia.com\/es\/?s={search_term_string}"},"query-input":{"@type":"PropertyValueSpecification","valueRequired":true,"valueName":"search_term_string"}}],"inLanguage":"es"},{"@type":"Organization","@id":"https:\/\/www.powerscreenofcalifornia.com\/es\/#organization","name":"Powerscreen of California","url":"https:\/\/www.powerscreenofcalifornia.com\/es\/","logo":{"@type":"ImageObject","inLanguage":"es","@id":"https:\/\/www.powerscreenofcalifornia.com\/es\/#\/schema\/logo\/image\/","url":"https:\/\/www.powerscreenofcalifornia.com\/wp-content\/uploads\/2023\/02\/PoCLogo.png","contentUrl":"https:\/\/www.powerscreenofcalifornia.com\/wp-content\/uploads\/2023\/02\/PoCLogo.png","width":1200,"height":900,"caption":"Powerscreen of California"},"image":{"@id":"https:\/\/www.powerscreenofcalifornia.com\/es\/#\/schema\/logo\/image\/"},"sameAs":["https:\/\/www.facebook.com\/powerscreenofcaliforniaandhawaii\/","https:\/\/x.com\/PowerscreenCaHi","https:\/\/www.linkedin.com\/company\/powerscreen-of-california-&-hawaii","https:\/\/www.instagram.com\/powerscreen_cali"]}]}},"_links":{"self":[{"href":"https:\/\/www.powerscreenofcalifornia.com\/es\/wp-json\/wp\/v2\/pages\/42034","targetHints":{"allow":["GET"]}}],"collection":[{"href":"https:\/\/www.powerscreenofcalifornia.com\/es\/wp-json\/wp\/v2\/pages"}],"about":[{"href":"https:\/\/www.powerscreenofcalifornia.com\/es\/wp-json\/wp\/v2\/types\/page"}],"author":[{"embeddable":true,"href":"https:\/\/www.powerscreenofcalifornia.com\/es\/wp-json\/wp\/v2\/users\/6"}],"replies":[{"embeddable":true,"href":"https:\/\/www.powerscreenofcalifornia.com\/es\/wp-json\/wp\/v2\/comments?post=42034"}],"version-history":[{"count":5,"href":"https:\/\/www.powerscreenofcalifornia.com\/es\/wp-json\/wp\/v2\/pages\/42034\/revisions"}],"predecessor-version":[{"id":42080,"href":"https:\/\/www.powerscreenofcalifornia.com\/es\/wp-json\/wp\/v2\/pages\/42034\/revisions\/42080"}],"up":[{"embeddable":true,"href":"https:\/\/www.powerscreenofcalifornia.com\/es\/wp-json\/wp\/v2\/pages\/33507"}],"wp:featuredmedia":[{"embeddable":true,"href":"https:\/\/www.powerscreenofcalifornia.com\/es\/wp-json\/wp\/v2\/media\/31544"}],"wp:attachment":[{"href":"https:\/\/www.powerscreenofcalifornia.com\/es\/wp-json\/wp\/v2\/media?parent=42034"}],"curies":[{"name":"wp","href":"https:\/\/api.w.org\/{rel}","templated":true}]}}