{"id":37657,"date":"2025-05-27T15:04:38","date_gmt":"2025-05-27T22:04:38","guid":{"rendered":"https:\/\/www.powerscreenofcalifornia.com\/hyundai-0-financiacion\/"},"modified":"2026-01-28T00:41:02","modified_gmt":"2026-01-28T08:41:02","slug":"hyundai-0-financiacion","status":"publish","type":"page","link":"https:\/\/www.powerscreenofcalifornia.com\/es\/hyundai-0-financiacion\/","title":{"rendered":"Hyundai 0% Financiaci\u00f3n"},"content":{"rendered":"\n\n<div class=\"container\">\n\n    <div class=\"block-header-container\">\n\n                    <h2 class=\"block-header text-center \">FINANCIACI\u00d3N EXCLUSIVA AL 0% EN DETERMINADAS CARGADORAS DE RUEDAS HYUNDAI NUEVAS<\/h2>\n                            <div class=\"written block-text lg:text-lg\">HD Hyundai Construction Equipment North America Inc. se complace en anunciar el siguiente Programa de Financiaci\u00f3n a Bajo Tipo de Inter\u00e9s.\r\n\r\nEsta oferta por tiempo limitado del 0% durante 12-48 meses se aplica a todas las cargadoras de ruedas Hyundai nuevas y sin usar que cumplan los requisitos.\r\n\r\n*Sujeto a aprobaci\u00f3n. Para m\u00e1s informaci\u00f3n sobre las condiciones generales, consulta m\u00e1s abajo. <\/div>\n        \n\n    <\/div>\n\n\n    \n<form class=\"sort-wrapper container\" name=\"ps-sortform\" action=\"#\" method=\"get\">\n\n\n        <div class=\"filters\">\n                            <select class=\"dynamic-sort\" name=\"brand filter-select\" id=\"brand\">\n                     <option value=\"default\" disabled selected>Marca<\/option>\n                   <option value=\"hyundai\">HYUNDAI<\/option>                <\/select>\n            \n            \n                <select class=\"dynamic-sort\" name=\"category filter-select\" id=\"category\">\n\n                    <option value=\"default\" disabled selected>Categor\u00eda<\/option>\n                                                                        <option value=\"cargadoras-sobre-ruedas\">Cargadoras sobre ruedas<\/option>\n                                                                                                <option value=\"financiacion-al-0-disponible\">Financiaci\u00f3n al 0% disponible<\/option>\n                                                            <\/select>\n\n            \n                    <\/div>\n\n                \n        <p class=\"product-count flex items-center\">3 Productos<\/p>\n        \n        <div class=\"sort-by\">\n            <select class=\"dynamic-sort\" name=\"sortby\" id=\"sorter\">\n                                                                                        <option value=\"default\" disabled selected>Ordenar por<\/option>\n                                                                                                                                    <option value=\"machine-weight\">Peso de la m\u00e1quina<\/option>\n                                                                                                                                    <option value=\"title-asc\">Nombre (A-Z)<\/option>\n                                                                                                                                    <option value=\"title-desc\">Nombre (Z-A)<\/option>\n                                                                        <\/select>\n        <\/div>\n                <input type=\"hidden\" name=\"sorter\" value=\"submit\">\n    <\/form>\n<div class=\"container ranges-single\">\n\n    \n            <div class=\"product-card\">\n                <div class=\"product-card-inner\">\n                                        <div class=\"pc-image\" style=\"background-image:url(https:\/\/www.powerscreenofcalifornia.com\/wp-content\/uploads\/2024\/06\/HL930A.png)\"><\/div>\n                    <h3>HYUNDAI HL930A<\/h3>\n                    <div class=\"pc-tag_wrapper\">\n                        <div class=\"pc-tag\">Cargadoras sobre ruedas<\/div><div class=\"pc-tag\">Financiaci\u00f3n al 0% disponible<\/div>                    <\/div>\n                    <div class=\"pc-shortdesc\">\n                        Las cargadoras de ruedas Hyundai de la serie HL900 ofrecen el m\u00e1ximo rendimiento, productividad y&#8230;                    <\/div>\n                <\/div>\n                <div class=\"product-card-links\">\n                    <a href=\"https:\/\/www.powerscreenofcalifornia.com\/es\/powerscreenproduct\/hyundai-hl930a\/\" class=\"text-black underline uppercase font-quicksand hover:text-teal\">\n                        Ver detalles del modelo                    <\/a>\n                                            <a class=\"pc-button pc-button-primary\" href=\"https:\/\/www.powerscreenofcalifornia.com\/wp-content\/uploads\/2024\/06\/HL930A-1090-WL-SPv24-small-1.pdf\" download=\"brochure\">\n                            Descargar folleto                        <\/a>\n                                        <button class=\"pc-button pc-button-secondary\">\n                        <div onclick=\"quotepopup('HYUNDAI HL930A')\">\n                            Solicitar presupuesto                        <\/div>\n                    <\/button>\n                <\/div>\n            <\/div>\n    \n            <div class=\"product-card\">\n                <div class=\"product-card-inner\">\n                                        <div class=\"pc-image\" style=\"background-image:url(https:\/\/www.powerscreenofcalifornia.com\/wp-content\/uploads\/2024\/06\/HL940A.png)\"><\/div>\n                    <h3>HYUNDAI HL940A<\/h3>\n                    <div class=\"pc-tag_wrapper\">\n                        <div class=\"pc-tag\">Cargadoras sobre ruedas<\/div><div class=\"pc-tag\">Financiaci\u00f3n al 0% disponible<\/div>                    <\/div>\n                    <div class=\"pc-shortdesc\">\n                        Las cargadoras de ruedas Hyundai de la serie HL900 ofrecen el m\u00e1ximo rendimiento, productividad y&#8230;                    <\/div>\n                <\/div>\n                <div class=\"product-card-links\">\n                    <a href=\"https:\/\/www.powerscreenofcalifornia.com\/es\/powerscreenproduct\/hyundai-hl940a\/\" class=\"text-black underline uppercase font-quicksand hover:text-teal\">\n                        Ver detalles del modelo                    <\/a>\n                                            <a class=\"pc-button pc-button-primary\" href=\"https:\/\/www.powerscreenofcalifornia.com\/wp-content\/uploads\/2025\/01\/HL940A-1099-WL-SPv8.pdf\" download=\"brochure\">\n                            Descargar folleto                        <\/a>\n                                        <button class=\"pc-button pc-button-secondary\">\n                        <div onclick=\"quotepopup('HYUNDAI HL940A')\">\n                            Solicitar presupuesto                        <\/div>\n                    <\/button>\n                <\/div>\n            <\/div>\n    \n            <div class=\"product-card\">\n                <div class=\"product-card-inner\">\n                                        <div class=\"pc-image\" style=\"background-image:url(https:\/\/www.powerscreenofcalifornia.com\/wp-content\/uploads\/2024\/06\/HL955A-1.png)\"><\/div>\n                    <h3>HYUNDAI HL955A<\/h3>\n                    <div class=\"pc-tag_wrapper\">\n                        <div class=\"pc-tag\">Cargadoras sobre ruedas<\/div><div class=\"pc-tag\">Financiaci\u00f3n al 0% disponible<\/div>                    <\/div>\n                    <div class=\"pc-shortdesc\">\n                        Las cargadoras de ruedas Hyundai de la serie HL900 ofrecen el m\u00e1ximo rendimiento, productividad y&#8230;                    <\/div>\n                <\/div>\n                <div class=\"product-card-links\">\n                    <a href=\"https:\/\/www.powerscreenofcalifornia.com\/es\/powerscreenproduct\/hyundai-hl955a\/\" class=\"text-black underline uppercase font-quicksand hover:text-teal\">\n                        Ver detalles del modelo                    <\/a>\n                                            <a class=\"pc-button pc-button-primary\" href=\"https:\/\/www.powerscreenofcalifornia.com\/wp-content\/uploads\/2024\/06\/HL930A-1090-WL-SPv24-small-1.pdf\" download=\"brochure\">\n                            Descargar folleto                        <\/a>\n                                        <button class=\"pc-button pc-button-secondary\">\n                        <div onclick=\"quotepopup('HYUNDAI HL955A')\">\n                            Solicitar presupuesto                        <\/div>\n                    <\/button>\n                <\/div>\n            <\/div>\n    <\/div>\n\n    \n<style>\n    .pagination {\n    display: flex;\n    flex-direction: row;\n    align-items: center;\n    justify-content: center;\n    margin-bottom: 45px;\n}\n\n.page-numbers {\n    padding: 5px;\n    margin: 0 5px;\n    width: 30px;\n    background: red;\n    height: 30px;\n    display: flex;\n    justify-content: center;\n    align-items: center;\n    border: 2px solid red;\n    border-radius: 5px;\n    color: white;\n}\n\n.page-numbers.current {\n    background-color: transparent;\n    color: black;\n}\n<\/style><\/div>\n<section id=\"two-col-block_42dca91a08f694b9c622c6dd0b86dfc3\" class=\"two-col-block py-12 lg:py-24 bg-transparent margin-top-20 margin-bottom-20\">\n    \n    <div class=\"two-col-container                                  container\">\n        <div class=\"grid grid-cols-1 mb-5 lg:grid-cols-2 lg:mb-0\" style=\"background-color:                                                                                           transparent;\">\n            \n                <div class=\"two-col-column-1                                             two-col-order-2\">\n                                            <img decoding=\"async\" class=\"two-col-image\" src=\"https:\/\/www.powerscreenofcalifornia.com\/wp-content\/uploads\/2025\/06\/Website_Hyundai_.jpg\" alt=\"\"\/>\n                    \n\n\n                   \n\n\n                   \n\n\n                <\/div>\n\n\n\n                <div class=\"two-col-column-2                                             two-col-order-1\">\n                    <div class=\"two-col-padding-left\" style=\"padding-top:15px;padding-bottom:15px;\">\n\n                                                    <h2 class=\"two-col-headingtext-primary\">La financiaci\u00f3n puede ofrecer<\/h2>\n                        \n                        \n                                                            <div class=\"two-col-text writtentext-grey\"><ul style=\"font-weight: 400;\">\n<li>Pagos previsibles y asequibles<\/li>\n<li>Reducci\u00f3n de los costes iniciales y preservaci\u00f3n del capital circulante<\/li>\n<li>Estructuras de financiaci\u00f3n personalizadas y soluciones de pago a medida<\/li>\n<li>F\u00e1cil actualizaci\u00f3n de equipos y tecnolog\u00eda<\/li>\n<li>Posibles ventajas fiscales y contables<\/li>\n<\/ul>\n<\/div>\n                            \n                                                                                                <a class=\"button-primary button-col-primary\" href=\"https:\/\/na.hd-hyundaice.com\/services-support\/special-offers\">M\u00e1s informaci\u00f3n<\/a>\n                                                            \n                                            <\/div>\n                <\/div>\n\n\n                    <\/div>\n    <\/div>\n<\/section>\n<div class=\"wp-block-cover is-light\" style=\"min-height:430px;aspect-ratio:unset;\"><img loading=\"lazy\" decoding=\"async\" width=\"1200\" height=\"905\" class=\"wp-block-cover__image-background wp-image-37660 size-large\" alt=\"\" src=\"https:\/\/www.powerscreenofcalifornia.com\/wp-content\/uploads\/2025\/05\/Copy-of-HL955A_BG_5-1200x905.jpg\" data-object-fit=\"cover\" srcset=\"https:\/\/www.powerscreenofcalifornia.com\/wp-content\/uploads\/2025\/05\/Copy-of-HL955A_BG_5-1200x905.jpg 1200w, https:\/\/www.powerscreenofcalifornia.com\/wp-content\/uploads\/2025\/05\/Copy-of-HL955A_BG_5-600x453.jpg 600w, https:\/\/www.powerscreenofcalifornia.com\/wp-content\/uploads\/2025\/05\/Copy-of-HL955A_BG_5-768x579.jpg 768w, https:\/\/www.powerscreenofcalifornia.com\/wp-content\/uploads\/2025\/05\/Copy-of-HL955A_BG_5-1536x1159.jpg 1536w, https:\/\/www.powerscreenofcalifornia.com\/wp-content\/uploads\/2025\/05\/Copy-of-HL955A_BG_5.jpg 1800w\" sizes=\"auto, (max-width: 1200px) 100vw, 1200px\" \/><span aria-hidden=\"true\" class=\"wp-block-cover__background has-background-dim\" style=\"background-color:#b8b5b4\"><\/span><div class=\"wp-block-cover__inner-container is-layout-flow wp-block-cover-is-layout-flow\">\n<h2 class=\"wp-block-heading has-text-align-center has-background-color has-text-color has-link-color has-x-large-font-size wp-elements-6cd85e330cbb95962f6c6f7cf1e6048a\"><a href=\"https:\/\/www.powerscreenofcalifornia.com\/es\/contacte-con-nosotros\/\"><strong>DISPONIBLE HOY<\/strong><\/a><\/h2>\n<\/div><\/div>\n\n<h2 class=\"wp-block-heading has-text-align-center has-black-color has-text-color has-link-color has-medium-font-size wp-elements-93c00d672c9a869d868ac8bc0349a510\">Condiciones generales<\/h2>\n\n<p class=\"has-small-font-size\">Hyundai Construction Equipment North America ofrece actualmente financiaci\u00f3n al 0% hasta en 48 meses para determinadas cargadoras de ruedas, incluidos modelos como la HL940 y la HL955. Tambi\u00e9n hay disponibles otras opciones de tipos bajos, como el 1% a 60 meses y el 2% a 72 meses. Estas ofertas especiales de financiaci\u00f3n est\u00e1n disponibles a trav\u00e9s de los prestamistas preferentes de Hyundai, como CIT, Bank of the West, DLL y Wells Fargo, y est\u00e1n sujetas a la aprobaci\u00f3n del cr\u00e9dito. Las ofertas s\u00f3lo est\u00e1n disponibles por tiempo limitado y pueden cambiar sin previo aviso. Adem\u00e1s de una financiaci\u00f3n competitiva, las cargadoras de ruedas Hyundai cuentan con una garant\u00eda l\u00edder en el sector: 3 a\u00f1os o 3.000 horas de cobertura total de la m\u00e1quina y 5 a\u00f1os o 10.000 horas de cobertura estructural. Los compradores tambi\u00e9n reciben acceso gratuito a la telem\u00e1tica Hi MATE durante 5 a\u00f1os, lo que permite supervisar y gestionar los equipos a distancia. Para m\u00e1s informaci\u00f3n o para solicitarla, ponte en contacto con tu concesionario local de Hyundai Construction Equipment.      <\/p>\n","protected":false},"excerpt":{"rendered":"<p>Condiciones generales Hyundai Construction Equipment North America ofrece actualmente financiaci\u00f3n al 0% hasta en 48 meses para determinadas cargadoras de ruedas, incluidos modelos como la HL940 y la HL955. Tambi\u00e9n hay disponibles otras opciones de tipos bajos, como el 1% a 60 meses y el 2% a 72 meses. Estas ofertas especiales de financiaci\u00f3n est\u00e1n<a href=\"https:\/\/www.powerscreenofcalifornia.com\/es\/hyundai-0-financiacion\/\">Seguir leyendo <span class=\"sr-only\">\u00abHyundai 0% Financiaci\u00f3n\u00bb<\/span><\/a><\/p>\n","protected":false},"author":6,"featured_media":0,"parent":0,"menu_order":0,"comment_status":"closed","ping_status":"closed","template":"","meta":{"_acf_changed":false,"footnotes":""},"class_list":["post-37657","page","type-page","status-publish","hentry"],"acf":[],"yoast_head":"<!-- This site is optimized with the Yoast SEO plugin v27.3 - https:\/\/yoast.com\/product\/yoast-seo-wordpress\/ -->\n<title>Hyundai 0% Financiaci\u00f3n - Powerscreen of California<\/title>\n<meta name=\"description\" content=\"We are a leading independent new &amp; used industrial equipment dealer. Learn more about Hyundai 0% Financiaci\u00f3n here.\" \/>\n<meta name=\"robots\" content=\"index, follow, max-snippet:-1, max-image-preview:large, max-video-preview:-1\" \/>\n<link rel=\"canonical\" href=\"https:\/\/www.powerscreenofcalifornia.com\/es\/hyundai-0-financiacion\/\" \/>\n<meta property=\"og:locale\" content=\"es_ES\" \/>\n<meta property=\"og:type\" content=\"article\" \/>\n<meta property=\"og:title\" content=\"Hyundai 0% Financiaci\u00f3n - Powerscreen of California\" \/>\n<meta property=\"og:description\" content=\"We are a leading independent new &amp; used industrial equipment dealer. Learn more about Hyundai 0% Financiaci\u00f3n here.\" \/>\n<meta property=\"og:url\" content=\"https:\/\/www.powerscreenofcalifornia.com\/es\/hyundai-0-financiacion\/\" \/>\n<meta property=\"og:site_name\" content=\"Powerscreen of California\" \/>\n<meta property=\"article:publisher\" content=\"https:\/\/www.facebook.com\/powerscreenofcaliforniaandhawaii\/\" \/>\n<meta property=\"article:modified_time\" content=\"2026-01-28T08:41:02+00:00\" \/>\n<meta property=\"og:image\" content=\"https:\/\/www.powerscreenofcalifornia.com\/wp-content\/uploads\/2025\/05\/Copy-of-HL955A_BG_5-1200x905.jpg\" \/>\n<meta name=\"twitter:card\" content=\"summary_large_image\" \/>\n<meta name=\"twitter:site\" content=\"@PowerscreenCaHi\" \/>\n<meta name=\"twitter:label1\" content=\"Tiempo de lectura\" \/>\n\t<meta name=\"twitter:data1\" content=\"1 minuto\" \/>\n<script type=\"application\/ld+json\" class=\"yoast-schema-graph\">{\"@context\":\"https:\\\/\\\/schema.org\",\"@graph\":[{\"@type\":\"WebPage\",\"@id\":\"https:\\\/\\\/www.powerscreenofcalifornia.com\\\/es\\\/hyundai-0-financiacion\\\/\",\"url\":\"https:\\\/\\\/www.powerscreenofcalifornia.com\\\/es\\\/hyundai-0-financiacion\\\/\",\"name\":\"Hyundai 0% Financiaci\u00f3n - Powerscreen of California\",\"isPartOf\":{\"@id\":\"https:\\\/\\\/www.powerscreenofcalifornia.com\\\/es\\\/#website\"},\"primaryImageOfPage\":{\"@id\":\"https:\\\/\\\/www.powerscreenofcalifornia.com\\\/es\\\/hyundai-0-financiacion\\\/#primaryimage\"},\"image\":{\"@id\":\"https:\\\/\\\/www.powerscreenofcalifornia.com\\\/es\\\/hyundai-0-financiacion\\\/#primaryimage\"},\"thumbnailUrl\":\"https:\\\/\\\/www.powerscreenofcalifornia.com\\\/wp-content\\\/uploads\\\/2025\\\/05\\\/Copy-of-HL955A_BG_5-1200x905.jpg\",\"datePublished\":\"2025-05-27T22:04:38+00:00\",\"dateModified\":\"2026-01-28T08:41:02+00:00\",\"description\":\"We are a leading independent new &amp; used industrial equipment dealer. Learn more about Hyundai 0% Financiaci\u00f3n here.\",\"breadcrumb\":{\"@id\":\"https:\\\/\\\/www.powerscreenofcalifornia.com\\\/es\\\/hyundai-0-financiacion\\\/#breadcrumb\"},\"inLanguage\":\"es\",\"potentialAction\":[{\"@type\":\"ReadAction\",\"target\":[\"https:\\\/\\\/www.powerscreenofcalifornia.com\\\/es\\\/hyundai-0-financiacion\\\/\"]}]},{\"@type\":\"ImageObject\",\"inLanguage\":\"es\",\"@id\":\"https:\\\/\\\/www.powerscreenofcalifornia.com\\\/es\\\/hyundai-0-financiacion\\\/#primaryimage\",\"url\":\"https:\\\/\\\/www.powerscreenofcalifornia.com\\\/wp-content\\\/uploads\\\/2025\\\/05\\\/Copy-of-HL955A_BG_5-1200x905.jpg\",\"contentUrl\":\"https:\\\/\\\/www.powerscreenofcalifornia.com\\\/wp-content\\\/uploads\\\/2025\\\/05\\\/Copy-of-HL955A_BG_5-1200x905.jpg\"},{\"@type\":\"BreadcrumbList\",\"@id\":\"https:\\\/\\\/www.powerscreenofcalifornia.com\\\/es\\\/hyundai-0-financiacion\\\/#breadcrumb\",\"itemListElement\":[{\"@type\":\"ListItem\",\"position\":1,\"name\":\"Inicio\",\"item\":\"https:\\\/\\\/www.powerscreenofcalifornia.com\\\/es\\\/\"},{\"@type\":\"ListItem\",\"position\":2,\"name\":\"Hyundai 0% Financiaci\u00f3n\"}]},{\"@type\":\"WebSite\",\"@id\":\"https:\\\/\\\/www.powerscreenofcalifornia.com\\\/es\\\/#website\",\"url\":\"https:\\\/\\\/www.powerscreenofcalifornia.com\\\/es\\\/\",\"name\":\"Powerscreen of California\",\"description\":\"The West Coast\u2019s Leading Independent Dealer For Materials Processing Equipment\",\"publisher\":{\"@id\":\"https:\\\/\\\/www.powerscreenofcalifornia.com\\\/es\\\/#organization\"},\"potentialAction\":[{\"@type\":\"SearchAction\",\"target\":{\"@type\":\"EntryPoint\",\"urlTemplate\":\"https:\\\/\\\/www.powerscreenofcalifornia.com\\\/es\\\/?s={search_term_string}\"},\"query-input\":{\"@type\":\"PropertyValueSpecification\",\"valueRequired\":true,\"valueName\":\"search_term_string\"}}],\"inLanguage\":\"es\"},{\"@type\":\"Organization\",\"@id\":\"https:\\\/\\\/www.powerscreenofcalifornia.com\\\/es\\\/#organization\",\"name\":\"Powerscreen of California\",\"url\":\"https:\\\/\\\/www.powerscreenofcalifornia.com\\\/es\\\/\",\"logo\":{\"@type\":\"ImageObject\",\"inLanguage\":\"es\",\"@id\":\"https:\\\/\\\/www.powerscreenofcalifornia.com\\\/es\\\/#\\\/schema\\\/logo\\\/image\\\/\",\"url\":\"https:\\\/\\\/www.powerscreenofcalifornia.com\\\/wp-content\\\/uploads\\\/2023\\\/02\\\/PoCLogo.png\",\"contentUrl\":\"https:\\\/\\\/www.powerscreenofcalifornia.com\\\/wp-content\\\/uploads\\\/2023\\\/02\\\/PoCLogo.png\",\"width\":1200,\"height\":900,\"caption\":\"Powerscreen of California\"},\"image\":{\"@id\":\"https:\\\/\\\/www.powerscreenofcalifornia.com\\\/es\\\/#\\\/schema\\\/logo\\\/image\\\/\"},\"sameAs\":[\"https:\\\/\\\/www.facebook.com\\\/powerscreenofcaliforniaandhawaii\\\/\",\"https:\\\/\\\/x.com\\\/PowerscreenCaHi\",\"https:\\\/\\\/www.linkedin.com\\\/company\\\/powerscreen-of-california-&-hawaii\",\"https:\\\/\\\/www.instagram.com\\\/powerscreen_cali\"]}]}<\/script>\n<!-- \/ Yoast SEO plugin. -->","yoast_head_json":{"title":"Hyundai 0% Financiaci\u00f3n - Powerscreen of California","description":"We are a leading independent new &amp; used industrial equipment dealer. Learn more about Hyundai 0% Financiaci\u00f3n here.","robots":{"index":"index","follow":"follow","max-snippet":"max-snippet:-1","max-image-preview":"max-image-preview:large","max-video-preview":"max-video-preview:-1"},"canonical":"https:\/\/www.powerscreenofcalifornia.com\/es\/hyundai-0-financiacion\/","og_locale":"es_ES","og_type":"article","og_title":"Hyundai 0% Financiaci\u00f3n - Powerscreen of California","og_description":"We are a leading independent new &amp; used industrial equipment dealer. Learn more about Hyundai 0% Financiaci\u00f3n here.","og_url":"https:\/\/www.powerscreenofcalifornia.com\/es\/hyundai-0-financiacion\/","og_site_name":"Powerscreen of California","article_publisher":"https:\/\/www.facebook.com\/powerscreenofcaliforniaandhawaii\/","article_modified_time":"2026-01-28T08:41:02+00:00","og_image":[{"url":"https:\/\/www.powerscreenofcalifornia.com\/wp-content\/uploads\/2025\/05\/Copy-of-HL955A_BG_5-1200x905.jpg","type":"","width":"","height":""}],"twitter_card":"summary_large_image","twitter_site":"@PowerscreenCaHi","twitter_misc":{"Tiempo de lectura":"1 minuto"},"schema":{"@context":"https:\/\/schema.org","@graph":[{"@type":"WebPage","@id":"https:\/\/www.powerscreenofcalifornia.com\/es\/hyundai-0-financiacion\/","url":"https:\/\/www.powerscreenofcalifornia.com\/es\/hyundai-0-financiacion\/","name":"Hyundai 0% Financiaci\u00f3n - Powerscreen of California","isPartOf":{"@id":"https:\/\/www.powerscreenofcalifornia.com\/es\/#website"},"primaryImageOfPage":{"@id":"https:\/\/www.powerscreenofcalifornia.com\/es\/hyundai-0-financiacion\/#primaryimage"},"image":{"@id":"https:\/\/www.powerscreenofcalifornia.com\/es\/hyundai-0-financiacion\/#primaryimage"},"thumbnailUrl":"https:\/\/www.powerscreenofcalifornia.com\/wp-content\/uploads\/2025\/05\/Copy-of-HL955A_BG_5-1200x905.jpg","datePublished":"2025-05-27T22:04:38+00:00","dateModified":"2026-01-28T08:41:02+00:00","description":"We are a leading independent new &amp; used industrial equipment dealer. Learn more about Hyundai 0% Financiaci\u00f3n here.","breadcrumb":{"@id":"https:\/\/www.powerscreenofcalifornia.com\/es\/hyundai-0-financiacion\/#breadcrumb"},"inLanguage":"es","potentialAction":[{"@type":"ReadAction","target":["https:\/\/www.powerscreenofcalifornia.com\/es\/hyundai-0-financiacion\/"]}]},{"@type":"ImageObject","inLanguage":"es","@id":"https:\/\/www.powerscreenofcalifornia.com\/es\/hyundai-0-financiacion\/#primaryimage","url":"https:\/\/www.powerscreenofcalifornia.com\/wp-content\/uploads\/2025\/05\/Copy-of-HL955A_BG_5-1200x905.jpg","contentUrl":"https:\/\/www.powerscreenofcalifornia.com\/wp-content\/uploads\/2025\/05\/Copy-of-HL955A_BG_5-1200x905.jpg"},{"@type":"BreadcrumbList","@id":"https:\/\/www.powerscreenofcalifornia.com\/es\/hyundai-0-financiacion\/#breadcrumb","itemListElement":[{"@type":"ListItem","position":1,"name":"Inicio","item":"https:\/\/www.powerscreenofcalifornia.com\/es\/"},{"@type":"ListItem","position":2,"name":"Hyundai 0% Financiaci\u00f3n"}]},{"@type":"WebSite","@id":"https:\/\/www.powerscreenofcalifornia.com\/es\/#website","url":"https:\/\/www.powerscreenofcalifornia.com\/es\/","name":"Powerscreen of California","description":"The West Coast\u2019s Leading Independent Dealer For Materials Processing Equipment","publisher":{"@id":"https:\/\/www.powerscreenofcalifornia.com\/es\/#organization"},"potentialAction":[{"@type":"SearchAction","target":{"@type":"EntryPoint","urlTemplate":"https:\/\/www.powerscreenofcalifornia.com\/es\/?s={search_term_string}"},"query-input":{"@type":"PropertyValueSpecification","valueRequired":true,"valueName":"search_term_string"}}],"inLanguage":"es"},{"@type":"Organization","@id":"https:\/\/www.powerscreenofcalifornia.com\/es\/#organization","name":"Powerscreen of California","url":"https:\/\/www.powerscreenofcalifornia.com\/es\/","logo":{"@type":"ImageObject","inLanguage":"es","@id":"https:\/\/www.powerscreenofcalifornia.com\/es\/#\/schema\/logo\/image\/","url":"https:\/\/www.powerscreenofcalifornia.com\/wp-content\/uploads\/2023\/02\/PoCLogo.png","contentUrl":"https:\/\/www.powerscreenofcalifornia.com\/wp-content\/uploads\/2023\/02\/PoCLogo.png","width":1200,"height":900,"caption":"Powerscreen of California"},"image":{"@id":"https:\/\/www.powerscreenofcalifornia.com\/es\/#\/schema\/logo\/image\/"},"sameAs":["https:\/\/www.facebook.com\/powerscreenofcaliforniaandhawaii\/","https:\/\/x.com\/PowerscreenCaHi","https:\/\/www.linkedin.com\/company\/powerscreen-of-california-&-hawaii","https:\/\/www.instagram.com\/powerscreen_cali"]}]}},"_links":{"self":[{"href":"https:\/\/www.powerscreenofcalifornia.com\/es\/wp-json\/wp\/v2\/pages\/37657","targetHints":{"allow":["GET"]}}],"collection":[{"href":"https:\/\/www.powerscreenofcalifornia.com\/es\/wp-json\/wp\/v2\/pages"}],"about":[{"href":"https:\/\/www.powerscreenofcalifornia.com\/es\/wp-json\/wp\/v2\/types\/page"}],"author":[{"embeddable":true,"href":"https:\/\/www.powerscreenofcalifornia.com\/es\/wp-json\/wp\/v2\/users\/6"}],"replies":[{"embeddable":true,"href":"https:\/\/www.powerscreenofcalifornia.com\/es\/wp-json\/wp\/v2\/comments?post=37657"}],"version-history":[{"count":9,"href":"https:\/\/www.powerscreenofcalifornia.com\/es\/wp-json\/wp\/v2\/pages\/37657\/revisions"}],"predecessor-version":[{"id":48811,"href":"https:\/\/www.powerscreenofcalifornia.com\/es\/wp-json\/wp\/v2\/pages\/37657\/revisions\/48811"}],"wp:attachment":[{"href":"https:\/\/www.powerscreenofcalifornia.com\/es\/wp-json\/wp\/v2\/media?parent=37657"}],"curies":[{"name":"wp","href":"https:\/\/api.w.org\/{rel}","templated":true}]}}