{"id":33851,"date":"2024-03-14T23:10:39","date_gmt":"2024-03-15T06:10:39","guid":{"rendered":"https:\/\/www.powerscreenofcalifornia.com\/marcas\/spaleck\/"},"modified":"2026-05-07T00:28:34","modified_gmt":"2026-05-07T07:28:34","slug":"spaleck","status":"publish","type":"page","link":"https:\/\/www.powerscreenofcalifornia.com\/es\/marcas\/spaleck\/","title":{"rendered":"Spaleck"},"content":{"rendered":"\n\n<div class=\"container\">\n\n    <div class=\"block-header-container\">\n\n                    <h2 class=\"block-header text-center \">TECNOLOG\u00cdA DE CRIBADO M\u00d3VIL<\/h2>\n                            <div class=\"written block-text lg:text-lg\">Spaleck es uno de los principales fabricantes de tecnolog\u00eda de cribado y separaci\u00f3n del mundo. Su gama de cribas m\u00f3viles ofrece soluciones para cribar, clasificar y transportar ASR, chatarra, cenizas\/escoria, C&#038;D, compost, vidrio, residuos y tus materiales. <\/div>\n        \n\n    <\/div>\n\n\n    \n<form class=\"sort-wrapper container\" name=\"ps-sortform\" action=\"#\" method=\"get\">\n\n\n        <div class=\"filters\">\n            \n            \n                <select class=\"dynamic-sort\" name=\"category filter-select\" id=\"category\">\n\n                    <option value=\"default\" disabled selected>Categor\u00eda<\/option>\n                                                                        <option value=\"cribas\">Cribas<\/option>\n                                                                                                <option value=\"pantallas-moviles\">Pantallas m\u00f3viles<\/option>\n                                                            <\/select>\n\n            \n                    <\/div>\n\n                \n        <p class=\"product-count flex items-center\">5 Productos<\/p>\n        \n        <div class=\"sort-by\">\n            <select class=\"dynamic-sort\" name=\"sortby\" id=\"sorter\">\n                                                                                        <option value=\"default\" disabled selected>Ordenar por<\/option>\n                                                                                                                                    <option value=\"machine-weight\">Peso de la m\u00e1quina<\/option>\n                                                                                                                                    <option value=\"title-asc\">Nombre (A-Z)<\/option>\n                                                                                                                                    <option value=\"title-desc\">Nombre (Z-A)<\/option>\n                                                                        <\/select>\n        <\/div>\n                <input type=\"hidden\" name=\"sorter\" value=\"submit\">\n    <\/form>\n<div class=\"container ranges-single\">\n\n    \n            <div class=\"product-card\">\n                <div class=\"product-card-inner\">\n                                        <div class=\"pc-image\" style=\"background-image:url(https:\/\/www.powerscreenofcalifornia.com\/wp-content\/uploads\/2024\/03\/20221129_153626_165T-scaled.jpg)\"><\/div>\n                    <h3>Spaleck 165T<\/h3>\n                    <div class=\"pc-tag_wrapper\">\n                        <div class=\"pc-tag\">Cribas<\/div>                    <\/div>\n                    <div class=\"pc-shortdesc\">\n                        La Spaleck 175W combina la m\u00e1xima movilidad con el m\u00e1ximo rendimiento de cribado. Satisface las&#8230;                    <\/div>\n                <\/div>\n                <div class=\"product-card-links\">\n                    <a href=\"https:\/\/www.powerscreenofcalifornia.com\/es\/powerscreenproduct\/spaleck-165t\/\" class=\"text-black underline uppercase font-quicksand hover:text-teal\">\n                        Ver detalles del modelo                    <\/a>\n                                            <a class=\"pc-button pc-button-primary\" href=\"https:\/\/www.powerscreenofcalifornia.com\/contact\" download=\"brochure\">\n                            Descargar folleto                        <\/a>\n                                        <button class=\"pc-button pc-button-secondary\">\n                        <div onclick=\"quotepopup('Spaleck 165T')\">\n                            Solicitar presupuesto                        <\/div>\n                    <\/button>\n                <\/div>\n            <\/div>\n    \n            <div class=\"product-card\">\n                <div class=\"product-card-inner\">\n                                        <div class=\"pc-image\" style=\"background-image:url(https:\/\/www.powerscreenofcalifornia.com\/wp-content\/uploads\/2024\/03\/Spaleck-175T.png)\"><\/div>\n                    <h3>Spaleck 175T<\/h3>\n                    <div class=\"pc-tag_wrapper\">\n                        <div class=\"pc-tag\">Cribas<\/div><div class=\"pc-tag\">Pantallas m\u00f3viles<\/div>                    <\/div>\n                    <div class=\"pc-shortdesc\">\n                        Tecnolog\u00eda de cribado m\u00f3vil sin rival. Cribado de cubierta superior en 3D combinado con la&#8230;                    <\/div>\n                <\/div>\n                <div class=\"product-card-links\">\n                    <a href=\"https:\/\/www.powerscreenofcalifornia.com\/es\/powerscreenproduct\/spaleck-175t\/\" class=\"text-black underline uppercase font-quicksand hover:text-teal\">\n                        Ver detalles del modelo                    <\/a>\n                                        <button class=\"pc-button pc-button-secondary\">\n                        <div onclick=\"quotepopup('Spaleck 175T')\">\n                            Solicitar presupuesto                        <\/div>\n                    <\/button>\n                <\/div>\n            <\/div>\n    \n            <div class=\"product-card\">\n                <div class=\"product-card-inner\">\n                                        <div class=\"pc-image\" style=\"background-image:url(https:\/\/www.powerscreenofcalifornia.com\/wp-content\/uploads\/2024\/03\/Spaleck-175W.png)\"><\/div>\n                    <h3>Spaleck 175W<\/h3>\n                    <div class=\"pc-tag_wrapper\">\n                        <div class=\"pc-tag\">Cribas<\/div><div class=\"pc-tag\">Pantallas m\u00f3viles<\/div>                    <\/div>\n                    <div class=\"pc-shortdesc\">\n                        Tecnolog\u00eda de cribado m\u00f3vil sin rival. Cribado de cubierta superior en 3D combinado con la&#8230;                    <\/div>\n                <\/div>\n                <div class=\"product-card-links\">\n                    <a href=\"https:\/\/www.powerscreenofcalifornia.com\/es\/powerscreenproduct\/spaleck-175w\/\" class=\"text-black underline uppercase font-quicksand hover:text-teal\">\n                        Ver detalles del modelo                    <\/a>\n                                            <a class=\"pc-button pc-button-primary\" href=\"https:\/\/www.powerscreenofcalifornia.com\/wp-content\/uploads\/2024\/03\/SPALECK_USA_175W_Brochure.pdf\" download=\"brochure\">\n                            Descargar folleto                        <\/a>\n                                        <button class=\"pc-button pc-button-secondary\">\n                        <div onclick=\"quotepopup('Spaleck 175W')\">\n                            Solicitar presupuesto                        <\/div>\n                    <\/button>\n                <\/div>\n            <\/div>\n    \n            <div class=\"product-card\">\n                <div class=\"product-card-inner\">\n                                        <div class=\"pc-image\" style=\"background-image:url(https:\/\/www.powerscreenofcalifornia.com\/wp-content\/uploads\/2024\/03\/DJI_0104_f_205T-1-scaled.jpg)\"><\/div>\n                    <h3>Spaleck 205T<\/h3>\n                    <div class=\"pc-tag_wrapper\">\n                        <div class=\"pc-tag\">Cribas<\/div><div class=\"pc-tag\">Pantallas m\u00f3viles<\/div>                    <\/div>\n                    <div class=\"pc-shortdesc\">\n                        La mejor tecnolog\u00eda de cribado m\u00f3vil. Criba de residuos de reciclaje en el piso superior y&#8230;                    <\/div>\n                <\/div>\n                <div class=\"product-card-links\">\n                    <a href=\"https:\/\/www.powerscreenofcalifornia.com\/es\/powerscreenproduct\/spaleck-205t\/\" class=\"text-black underline uppercase font-quicksand hover:text-teal\">\n                        Ver detalles del modelo                    <\/a>\n                                            <a class=\"pc-button pc-button-primary\" href=\"https:\/\/www.powerscreenofcalifornia.com\/wp-content\/uploads\/2024\/03\/SPALECK_USA_205T_Datasheet.pdf\" download=\"brochure\">\n                            Descargar folleto                        <\/a>\n                                        <button class=\"pc-button pc-button-secondary\">\n                        <div onclick=\"quotepopup('Spaleck 205T')\">\n                            Solicitar presupuesto                        <\/div>\n                    <\/button>\n                <\/div>\n            <\/div>\n    \n            <div class=\"product-card\">\n                <div class=\"product-card-inner\">\n                                        <div class=\"pc-image\" style=\"background-image:url(https:\/\/www.powerscreenofcalifornia.com\/wp-content\/uploads\/2024\/03\/Spaleck-550T.png)\"><\/div>\n                    <h3>Spaleck 550T<\/h3>\n                    <div class=\"pc-tag_wrapper\">\n                        <div class=\"pc-tag\">Cribas<\/div><div class=\"pc-tag\">Pantallas m\u00f3viles<\/div>                    <\/div>\n                    <div class=\"pc-shortdesc\">\n                        La criba m\u00f3vil 3D combi flip-flow es lo mejor de la tecnolog\u00eda m\u00f3vil de cribado y separaci\u00f3n&#8230;.                    <\/div>\n                <\/div>\n                <div class=\"product-card-links\">\n                    <a href=\"https:\/\/www.powerscreenofcalifornia.com\/es\/powerscreenproduct\/spaleck-550t\/\" class=\"text-black underline uppercase font-quicksand hover:text-teal\">\n                        Ver detalles del modelo                    <\/a>\n                                            <a class=\"pc-button pc-button-primary\" href=\"https:\/\/www.powerscreenofcalifornia.com\/wp-content\/uploads\/2024\/03\/SPALECK_USA_550_Brochure.pdf\" download=\"brochure\">\n                            Descargar folleto                        <\/a>\n                                        <button class=\"pc-button pc-button-secondary\">\n                        <div onclick=\"quotepopup('Spaleck 550T')\">\n                            Solicitar presupuesto                        <\/div>\n                    <\/button>\n                <\/div>\n            <\/div>\n    <\/div>\n\n    \n<style>\n    .pagination {\n    display: flex;\n    flex-direction: row;\n    align-items: center;\n    justify-content: center;\n    margin-bottom: 45px;\n}\n\n.page-numbers {\n    padding: 5px;\n    margin: 0 5px;\n    width: 30px;\n    background: red;\n    height: 30px;\n    display: flex;\n    justify-content: center;\n    align-items: center;\n    border: 2px solid red;\n    border-radius: 5px;\n    color: white;\n}\n\n.page-numbers.current {\n    background-color: transparent;\n    color: black;\n}\n<\/style><\/div>\n<section id=\"two-col-block_383999b60716357d9d5f5b3499410941\" class=\"two-col-block py-0 ccolumn-bg bg-primary margin-top-20 margin-bottom-20\">\n    \n    <div class=\"two-col-container                                  \">\n        <div class=\"grid grid-cols-1 mb-5 lg:grid-cols-2 lg:mb-0\" style=\"background-color:                                                                                           transparent;\">\n            \n                <div class=\"two-col-column-1                                             two-col-order-1\">\n                                            <img decoding=\"async\" class=\"two-col-image\" src=\"https:\/\/www.powerscreenofcalifornia.com\/wp-content\/uploads\/2024\/03\/DJI_0104_f_205T-scaled.jpg\" alt=\"Man standing next to Spaleck machine in quarry.\"\/>\n                    \n\n\n                   \n\n\n                   \n\n\n                <\/div>\n\n\n\n                <div class=\"two-col-column-2                                             two-col-order-2\">\n                    <div class=\"two-col-padding-right\" style=\"padding-top:15px;padding-bottom:15px;\">\n\n                                                    <h2 class=\"two-col-headingtext-white\">Revolucionando la separaci\u00f3n de materiales con tecnolog\u00eda punta<\/h2>\n                        \n                        \n                                                            <div class=\"two-col-text writtentext-grey-400\"><p>Conocida por su avanzada tecnolog\u00eda de cribado que separa los materiales con precisi\u00f3n, la gama de cribas m\u00f3viles Spaleck puede hacer el trabajo. Permite que Spaleck agilice tu proceso de clasificaci\u00f3n y aumente la productividad invirtiendo en una criba m\u00f3vil Spaleck. <\/p>\n<\/div>\n                            \n                                                                                                <a class=\"button-primary button-col-primary\" href=\"https:\/\/www.powerscreenofcalifornia.com\/es\/contacte-con-nosotros\/\">Solicitar informaci\u00f3n<\/a>\n                                                            \n                                            <\/div>\n                <\/div>\n\n\n                    <\/div>\n    <\/div>\n<\/section>\n<section id=\"two-col-block_ff1d7fafb0879ea3d8a4fae7874d3661\" class=\"two-col-block py-0 ccolumn-bg bg-transparent margin-top-20 margin-bottom-20\">\n    \n    <div class=\"two-col-container                                  container\">\n        <div class=\"grid grid-cols-1 mb-5 lg:grid-cols-2 lg:mb-0\" style=\"background-color:                                                                                           transparent;\">\n            \n                <div class=\"two-col-column-1                                             two-col-order-2\">\n                                            <img decoding=\"async\" class=\"two-col-image\" src=\"https:\/\/www.powerscreenofcalifornia.com\/wp-content\/uploads\/2024\/03\/HLR_Seite4_Combiflex_RAL5000.79_175W.png\" alt=\"HLR Render\"\/>\n                    \n\n\n                   \n\n\n                   \n\n\n                <\/div>\n\n\n\n                <div class=\"two-col-column-2                                             two-col-order-1\">\n                    <div class=\"two-col-padding-left\" style=\"padding-top:15px;padding-bottom:15px;\">\n\n                                                    <h2 class=\"two-col-headingtext-primary\">Comprometidos con la soluci\u00f3n adecuada<\/h2>\n                        \n                        \n                                                            <div class=\"two-col-text writtentext-grey\"><p>Nuestro equipo de expertos del sector cuenta con a\u00f1os de experiencia y conoce la amplia gama de opciones de maquinaria. Esto significa que podemos trabajar con usted para comprender sus objetivos y aconsejarle la mejor soluci\u00f3n que se adapte a su presupuesto, al tiempo que alcanza sus metas. <\/p>\n<\/div>\n                            \n                                                                                                <a class=\"button-primary button-col-primary\" href=\"https:\/\/www.powerscreenofcalifornia.com\/es\/contacte-con-nosotros\/\">Contacta con nosotros<\/a>\n                                                            \n                                            <\/div>\n                <\/div>\n\n\n                    <\/div>\n    <\/div>\n<\/section>","protected":false},"excerpt":{"rendered":"","protected":false},"author":6,"featured_media":0,"parent":33453,"menu_order":0,"comment_status":"closed","ping_status":"closed","template":"","meta":{"_acf_changed":false,"footnotes":""},"class_list":["post-33851","page","type-page","status-publish","hentry"],"acf":[],"yoast_head":"<!-- This site is optimized with the Yoast SEO plugin v27.6 - https:\/\/yoast.com\/product\/yoast-seo-wordpress\/ -->\n<title>Spaleck | Trituradoras y m\u00e1quinas | Powerscreen of California<\/title>\n<meta name=\"description\" content=\"Powerscreen es una marca l\u00edder mundial de equipos de trituraci\u00f3n, cribado y apilado conocida por su innovaci\u00f3n continua y su alta calidad de fabricaci\u00f3n.\" \/>\n<meta name=\"robots\" content=\"index, follow, max-snippet:-1, max-image-preview:large, max-video-preview:-1\" \/>\n<link rel=\"canonical\" href=\"https:\/\/www.powerscreenofcalifornia.com\/es\/marcas\/spaleck\/\" \/>\n<meta property=\"og:locale\" content=\"es_ES\" \/>\n<meta property=\"og:type\" content=\"article\" \/>\n<meta property=\"og:title\" content=\"Spaleck | Trituradoras y m\u00e1quinas | Powerscreen of California\" \/>\n<meta property=\"og:description\" content=\"Powerscreen es una marca l\u00edder mundial de equipos de trituraci\u00f3n, cribado y apilado conocida por su innovaci\u00f3n continua y su alta calidad de fabricaci\u00f3n.\" \/>\n<meta property=\"og:url\" content=\"https:\/\/www.powerscreenofcalifornia.com\/es\/marcas\/spaleck\/\" \/>\n<meta property=\"og:site_name\" content=\"Powerscreen of California\" \/>\n<meta property=\"article:publisher\" content=\"https:\/\/www.facebook.com\/powerscreenofcaliforniaandhawaii\/\" \/>\n<meta property=\"article:modified_time\" content=\"2026-05-07T07:28:34+00:00\" \/>\n<meta name=\"twitter:card\" content=\"summary_large_image\" \/>\n<meta name=\"twitter:site\" content=\"@PowerscreenCaHi\" \/>\n<script type=\"application\/ld+json\" class=\"yoast-schema-graph\">{\"@context\":\"https:\\\/\\\/schema.org\",\"@graph\":[{\"@type\":\"WebPage\",\"@id\":\"https:\\\/\\\/www.powerscreenofcalifornia.com\\\/es\\\/marcas\\\/spaleck\\\/\",\"url\":\"https:\\\/\\\/www.powerscreenofcalifornia.com\\\/es\\\/marcas\\\/spaleck\\\/\",\"name\":\"Spaleck | Trituradoras y m\u00e1quinas | Powerscreen of California\",\"isPartOf\":{\"@id\":\"https:\\\/\\\/www.powerscreenofcalifornia.com\\\/es\\\/#website\"},\"datePublished\":\"2024-03-15T06:10:39+00:00\",\"dateModified\":\"2026-05-07T07:28:34+00:00\",\"description\":\"Powerscreen es una marca l\u00edder mundial de equipos de trituraci\u00f3n, cribado y apilado conocida por su innovaci\u00f3n continua y su alta calidad de fabricaci\u00f3n.\",\"breadcrumb\":{\"@id\":\"https:\\\/\\\/www.powerscreenofcalifornia.com\\\/es\\\/marcas\\\/spaleck\\\/#breadcrumb\"},\"inLanguage\":\"es\",\"potentialAction\":[{\"@type\":\"ReadAction\",\"target\":[\"https:\\\/\\\/www.powerscreenofcalifornia.com\\\/es\\\/marcas\\\/spaleck\\\/\"]}]},{\"@type\":\"BreadcrumbList\",\"@id\":\"https:\\\/\\\/www.powerscreenofcalifornia.com\\\/es\\\/marcas\\\/spaleck\\\/#breadcrumb\",\"itemListElement\":[{\"@type\":\"ListItem\",\"position\":1,\"name\":\"Inicio\",\"item\":\"https:\\\/\\\/www.powerscreenofcalifornia.com\\\/es\\\/\"},{\"@type\":\"ListItem\",\"position\":2,\"name\":\"Marcas\",\"item\":\"https:\\\/\\\/www.powerscreenofcalifornia.com\\\/es\\\/marcas\\\/\"},{\"@type\":\"ListItem\",\"position\":3,\"name\":\"Spaleck\"}]},{\"@type\":\"WebSite\",\"@id\":\"https:\\\/\\\/www.powerscreenofcalifornia.com\\\/es\\\/#website\",\"url\":\"https:\\\/\\\/www.powerscreenofcalifornia.com\\\/es\\\/\",\"name\":\"Powerscreen of California\",\"description\":\"The West Coast\u2019s Leading Independent Dealer For Materials Processing Equipment\",\"publisher\":{\"@id\":\"https:\\\/\\\/www.powerscreenofcalifornia.com\\\/es\\\/#organization\"},\"potentialAction\":[{\"@type\":\"SearchAction\",\"target\":{\"@type\":\"EntryPoint\",\"urlTemplate\":\"https:\\\/\\\/www.powerscreenofcalifornia.com\\\/es\\\/?s={search_term_string}\"},\"query-input\":{\"@type\":\"PropertyValueSpecification\",\"valueRequired\":true,\"valueName\":\"search_term_string\"}}],\"inLanguage\":\"es\"},{\"@type\":\"Organization\",\"@id\":\"https:\\\/\\\/www.powerscreenofcalifornia.com\\\/es\\\/#organization\",\"name\":\"Powerscreen of California\",\"url\":\"https:\\\/\\\/www.powerscreenofcalifornia.com\\\/es\\\/\",\"logo\":{\"@type\":\"ImageObject\",\"inLanguage\":\"es\",\"@id\":\"https:\\\/\\\/www.powerscreenofcalifornia.com\\\/es\\\/#\\\/schema\\\/logo\\\/image\\\/\",\"url\":\"https:\\\/\\\/www.powerscreenofcalifornia.com\\\/wp-content\\\/uploads\\\/2023\\\/02\\\/PoCLogo.png\",\"contentUrl\":\"https:\\\/\\\/www.powerscreenofcalifornia.com\\\/wp-content\\\/uploads\\\/2023\\\/02\\\/PoCLogo.png\",\"width\":1200,\"height\":900,\"caption\":\"Powerscreen of California\"},\"image\":{\"@id\":\"https:\\\/\\\/www.powerscreenofcalifornia.com\\\/es\\\/#\\\/schema\\\/logo\\\/image\\\/\"},\"sameAs\":[\"https:\\\/\\\/www.facebook.com\\\/powerscreenofcaliforniaandhawaii\\\/\",\"https:\\\/\\\/x.com\\\/PowerscreenCaHi\",\"https:\\\/\\\/www.linkedin.com\\\/company\\\/powerscreen-of-california-&-hawaii\",\"https:\\\/\\\/www.instagram.com\\\/powerscreen_cali\"]}]}<\/script>\n<!-- \/ Yoast SEO plugin. -->","yoast_head_json":{"title":"Spaleck | Trituradoras y m\u00e1quinas | Powerscreen of California","description":"Powerscreen es una marca l\u00edder mundial de equipos de trituraci\u00f3n, cribado y apilado conocida por su innovaci\u00f3n continua y su alta calidad de fabricaci\u00f3n.","robots":{"index":"index","follow":"follow","max-snippet":"max-snippet:-1","max-image-preview":"max-image-preview:large","max-video-preview":"max-video-preview:-1"},"canonical":"https:\/\/www.powerscreenofcalifornia.com\/es\/marcas\/spaleck\/","og_locale":"es_ES","og_type":"article","og_title":"Spaleck | Trituradoras y m\u00e1quinas | Powerscreen of California","og_description":"Powerscreen es una marca l\u00edder mundial de equipos de trituraci\u00f3n, cribado y apilado conocida por su innovaci\u00f3n continua y su alta calidad de fabricaci\u00f3n.","og_url":"https:\/\/www.powerscreenofcalifornia.com\/es\/marcas\/spaleck\/","og_site_name":"Powerscreen of California","article_publisher":"https:\/\/www.facebook.com\/powerscreenofcaliforniaandhawaii\/","article_modified_time":"2026-05-07T07:28:34+00:00","twitter_card":"summary_large_image","twitter_site":"@PowerscreenCaHi","schema":{"@context":"https:\/\/schema.org","@graph":[{"@type":"WebPage","@id":"https:\/\/www.powerscreenofcalifornia.com\/es\/marcas\/spaleck\/","url":"https:\/\/www.powerscreenofcalifornia.com\/es\/marcas\/spaleck\/","name":"Spaleck | Trituradoras y m\u00e1quinas | Powerscreen of California","isPartOf":{"@id":"https:\/\/www.powerscreenofcalifornia.com\/es\/#website"},"datePublished":"2024-03-15T06:10:39+00:00","dateModified":"2026-05-07T07:28:34+00:00","description":"Powerscreen es una marca l\u00edder mundial de equipos de trituraci\u00f3n, cribado y apilado conocida por su innovaci\u00f3n continua y su alta calidad de fabricaci\u00f3n.","breadcrumb":{"@id":"https:\/\/www.powerscreenofcalifornia.com\/es\/marcas\/spaleck\/#breadcrumb"},"inLanguage":"es","potentialAction":[{"@type":"ReadAction","target":["https:\/\/www.powerscreenofcalifornia.com\/es\/marcas\/spaleck\/"]}]},{"@type":"BreadcrumbList","@id":"https:\/\/www.powerscreenofcalifornia.com\/es\/marcas\/spaleck\/#breadcrumb","itemListElement":[{"@type":"ListItem","position":1,"name":"Inicio","item":"https:\/\/www.powerscreenofcalifornia.com\/es\/"},{"@type":"ListItem","position":2,"name":"Marcas","item":"https:\/\/www.powerscreenofcalifornia.com\/es\/marcas\/"},{"@type":"ListItem","position":3,"name":"Spaleck"}]},{"@type":"WebSite","@id":"https:\/\/www.powerscreenofcalifornia.com\/es\/#website","url":"https:\/\/www.powerscreenofcalifornia.com\/es\/","name":"Powerscreen of California","description":"The West Coast\u2019s Leading Independent Dealer For Materials Processing Equipment","publisher":{"@id":"https:\/\/www.powerscreenofcalifornia.com\/es\/#organization"},"potentialAction":[{"@type":"SearchAction","target":{"@type":"EntryPoint","urlTemplate":"https:\/\/www.powerscreenofcalifornia.com\/es\/?s={search_term_string}"},"query-input":{"@type":"PropertyValueSpecification","valueRequired":true,"valueName":"search_term_string"}}],"inLanguage":"es"},{"@type":"Organization","@id":"https:\/\/www.powerscreenofcalifornia.com\/es\/#organization","name":"Powerscreen of California","url":"https:\/\/www.powerscreenofcalifornia.com\/es\/","logo":{"@type":"ImageObject","inLanguage":"es","@id":"https:\/\/www.powerscreenofcalifornia.com\/es\/#\/schema\/logo\/image\/","url":"https:\/\/www.powerscreenofcalifornia.com\/wp-content\/uploads\/2023\/02\/PoCLogo.png","contentUrl":"https:\/\/www.powerscreenofcalifornia.com\/wp-content\/uploads\/2023\/02\/PoCLogo.png","width":1200,"height":900,"caption":"Powerscreen of California"},"image":{"@id":"https:\/\/www.powerscreenofcalifornia.com\/es\/#\/schema\/logo\/image\/"},"sameAs":["https:\/\/www.facebook.com\/powerscreenofcaliforniaandhawaii\/","https:\/\/x.com\/PowerscreenCaHi","https:\/\/www.linkedin.com\/company\/powerscreen-of-california-&-hawaii","https:\/\/www.instagram.com\/powerscreen_cali"]}]}},"_links":{"self":[{"href":"https:\/\/www.powerscreenofcalifornia.com\/es\/wp-json\/wp\/v2\/pages\/33851","targetHints":{"allow":["GET"]}}],"collection":[{"href":"https:\/\/www.powerscreenofcalifornia.com\/es\/wp-json\/wp\/v2\/pages"}],"about":[{"href":"https:\/\/www.powerscreenofcalifornia.com\/es\/wp-json\/wp\/v2\/types\/page"}],"author":[{"embeddable":true,"href":"https:\/\/www.powerscreenofcalifornia.com\/es\/wp-json\/wp\/v2\/users\/6"}],"replies":[{"embeddable":true,"href":"https:\/\/www.powerscreenofcalifornia.com\/es\/wp-json\/wp\/v2\/comments?post=33851"}],"version-history":[{"count":6,"href":"https:\/\/www.powerscreenofcalifornia.com\/es\/wp-json\/wp\/v2\/pages\/33851\/revisions"}],"predecessor-version":[{"id":56020,"href":"https:\/\/www.powerscreenofcalifornia.com\/es\/wp-json\/wp\/v2\/pages\/33851\/revisions\/56020"}],"up":[{"embeddable":true,"href":"https:\/\/www.powerscreenofcalifornia.com\/es\/wp-json\/wp\/v2\/pages\/33453"}],"wp:attachment":[{"href":"https:\/\/www.powerscreenofcalifornia.com\/es\/wp-json\/wp\/v2\/media?parent=33851"}],"curies":[{"name":"wp","href":"https:\/\/api.w.org\/{rel}","templated":true}]}}