{"id":33541,"date":"2023-02-28T17:55:50","date_gmt":"2023-03-01T01:55:50","guid":{"rendered":"https:\/\/www.powerscreenofcalifornia.com\/industrias\/reciclado\/"},"modified":"2026-01-27T15:58:24","modified_gmt":"2026-01-27T23:58:24","slug":"reciclado","status":"publish","type":"page","link":"https:\/\/www.powerscreenofcalifornia.com\/es\/industrias\/reciclado\/","title":{"rendered":"Reciclado"},"content":{"rendered":"\n\n<div class=\"container\">\n\n    <div class=\"block-header-container\">\n\n                    <h2 class=\"block-header text-center \">Soluciones de reciclaje<\/h2>\n                            <div class=\"written block-text lg:text-lg\">El reciclaje en la construcci\u00f3n es una parte importante del movimiento de construcci\u00f3n ecol\u00f3gica. Los escombros de construcci\u00f3n y demolici\u00f3n constituyen una gran parte del flujo de residuos, y reciclar este material puede ayudar a reducir la cantidad de materiales nuevos que es necesario producir. El reciclado tambi\u00e9n ayuda a reducir la cantidad de residuos depositados en vertederos, lo que se traduce en un menor impacto sobre el medio ambiente. Aprovechando materiales que ya existen, los proyectos de construcci\u00f3n pueden reducir su huella de carbono y ahorrar dinero.  <\/div>\n        \n\n    <\/div>\n\n    <div class=\"range-cards \">\n        \n            \n            <div class=\"range-card\">\n                <div class=\"range-card-inner \">\n                    <h3>MANIPULADOR DE MATERIALES<\/h3>\n                    \n                    <figure class=\"range-image\" style=\"background-image:url(https:\/\/www.powerscreenofcalifornia.com\/wp-content\/uploads\/2023\/02\/product-images_0002s_0001_Layer-1-600x510.png)\"><\/figure>\n                <\/div>\n                                    <a href=\"https:\/\/www.powerscreenofcalifornia.com\/categories\/material-handlers\/\" class=\"button-primary button-col-primary\" target=\"\">\n                        <span>Ver la gama<\/span>\n                    <\/a>\n                            <\/div>\n        \n            \n            <div class=\"range-card\">\n                <div class=\"range-card-inner \">\n                    <h3>TRITURADORAS<\/h3>\n                    \n                    <figure class=\"range-image\" style=\"background-image:url(https:\/\/www.powerscreenofcalifornia.com\/wp-content\/uploads\/2023\/02\/product-images_0000s_0005_TDS-820-Render-01-600x510.png)\"><\/figure>\n                <\/div>\n                                    <a href=\"https:\/\/www.powerscreenofcalifornia.com\/categories\/shredders-2\/\" class=\"button-primary button-col-primary\" target=\"\">\n                        <span>Ver la gama<\/span>\n                    <\/a>\n                            <\/div>\n        \n            \n            <div class=\"range-card\">\n                <div class=\"range-card-inner \">\n                    <h3>SISTEMAS DE RECICLADO<\/h3>\n                    \n                    <figure class=\"range-image\" style=\"background-image:url(https:\/\/www.powerscreenofcalifornia.com\/wp-content\/uploads\/2023\/02\/product-images_0000s_0000_TRS-Wood-Waste-Recycling-Plant-600x510.png)\"><\/figure>\n                <\/div>\n                                    <a href=\"https:\/\/www.powerscreenofcalifornia.com\/categories\/recycling-systems\/\" class=\"button-primary button-col-primary\" target=\"\">\n                        <span>Ver la gama<\/span>\n                    <\/a>\n                            <\/div>\n        \n            \n            <div class=\"range-card\">\n                <div class=\"range-card-inner \">\n                    <h3>TR\u00d3MEL DE CRIBADO<\/h3>\n                    \n                    <figure class=\"range-image\" style=\"background-image:url(https:\/\/www.powerscreenofcalifornia.com\/wp-content\/uploads\/2023\/02\/TTS-518-Render-03-600x338.png)\"><\/figure>\n                <\/div>\n                                    <a href=\"https:\/\/www.powerscreenofcalifornia.com\/categories\/trommel-screeners\/\" class=\"button-primary button-col-primary\" target=\"\">\n                        <span>Ver la gama<\/span>\n                    <\/a>\n                            <\/div>\n        \n            \n            <div class=\"range-card\">\n                <div class=\"range-card-inner \">\n                    <h3>SEPARADOR DE METALES<\/h3>\n                    \n                    <figure class=\"range-image\" style=\"background-image:url(https:\/\/www.powerscreenofcalifornia.com\/wp-content\/uploads\/2023\/02\/product-images_0000s_0002_TMS-320-Render-01-600x510.png)\"><\/figure>\n                <\/div>\n                                    <a href=\"https:\/\/www.powerscreenofcalifornia.com\/categories\/metal-separators\/\" class=\"button-primary button-col-primary\" target=\"\">\n                        <span>Ver la gama<\/span>\n                    <\/a>\n                            <\/div>\n        \n            \n            <div class=\"range-card\">\n                <div class=\"range-card-inner \">\n                    <h3>AGGRECLAIM<\/h3>\n                    \n                    <figure class=\"range-image\" style=\"background-image:url(https:\/\/www.powerscreenofcalifornia.com\/wp-content\/uploads\/2023\/02\/product-images_0002s_0000_Aggreclaim-angle-2-2-600x510.png)\"><\/figure>\n                <\/div>\n                                    <a href=\"https:\/\/www.powerscreenofcalifornia.com\/powerscreenproduct\/aggreclaim\/\" class=\"button-primary button-col-primary\" target=\"\">\n                        <span>Ver la gama<\/span>\n                    <\/a>\n                            <\/div>\n        \n            \n            <div class=\"range-card\">\n                <div class=\"range-card-inner \">\n                    <h3>TRITURADORAS DE MAND\u00cdBULA<\/h3>\n                    \n                    <figure class=\"range-image\" style=\"background-image:url(https:\/\/www.powerscreenofcalifornia.com\/wp-content\/uploads\/2023\/02\/Premiertrak330-render1-1-600x338.png)\"><\/figure>\n                <\/div>\n                                    <a href=\"https:\/\/www.powerscreenofcalifornia.com\/es\/categorias-3\/trituradoras-de-mandibulas\/\" class=\"button-primary button-col-primary\" target=\"\">\n                        <span>Ver la gama<\/span>\n                    <\/a>\n                            <\/div>\n        \n            \n            <div class=\"range-card\">\n                <div class=\"range-card-inner \">\n                    <h3>CRIBAS DE REVENTA<\/h3>\n                    \n                    <figure class=\"range-image\" style=\"background-image:url(https:\/\/www.powerscreenofcalifornia.com\/wp-content\/uploads\/2023\/02\/TITAN-2300-PERS-LHS-1-600x338.png)\"><\/figure>\n                <\/div>\n                                    <a href=\"https:\/\/www.powerscreenofcalifornia.com\/categories\/scalping-screens\/\" class=\"button-primary button-col-primary\" target=\"\">\n                        <span>Ver la gama<\/span>\n                    <\/a>\n                            <\/div>\n        \n            \n            <div class=\"range-card\">\n                <div class=\"range-card-inner \">\n                    <h3>ESTACI\u00d3N DE RECOGIDA<\/h3>\n                    \n                    <figure class=\"range-image\" style=\"background-image:url(https:\/\/www.powerscreenofcalifornia.com\/wp-content\/uploads\/2023\/02\/product-images_0000s_0000_PPS2BAY627-5-1024x576-1-600x510.png)\"><\/figure>\n                <\/div>\n                                    <a href=\"https:\/\/www.powerscreenofcalifornia.com\/categories\/picking-stations-2\/\" class=\"button-primary button-col-primary\" target=\"\">\n                        <span>Ver la gama<\/span>\n                    <\/a>\n                            <\/div>\n        \n            \n            <div class=\"range-card\">\n                <div class=\"range-card-inner \">\n                    <h3>MANIPULADOR DE RESIDUOS<\/h3>\n                    \n                    <figure class=\"range-image\" style=\"background-image:url(https:\/\/www.powerscreenofcalifornia.com\/wp-content\/uploads\/2023\/02\/product-images_0000s_0004_Fuchs-331-600x518.png)\"><\/figure>\n                <\/div>\n                                    <a href=\"https:\/\/www.powerscreenofcalifornia.com\/categories\/scrap-handlers\/\" class=\"button-primary button-col-primary\" target=\"\">\n                        <span>Ver la gama<\/span>\n                    <\/a>\n                            <\/div>\n        \n            \n            <div class=\"range-card\">\n                <div class=\"range-card-inner \">\n                    <h3>TRITURADORAS DE IMPACTO<\/h3>\n                    \n                    <figure class=\"range-image\" style=\"background-image:url(https:\/\/www.powerscreenofcalifornia.com\/wp-content\/uploads\/2023\/02\/Trakpactor-320R-render-1-1-600x338.png)\"><\/figure>\n                <\/div>\n                                    <a href=\"https:\/\/www.powerscreenofcalifornia.com\/categories\/impact-crushers\/\" class=\"button-primary button-col-primary\" target=\"\">\n                        <span>Ver la gama<\/span>\n                    <\/a>\n                            <\/div>\n        \n            \n            <div class=\"range-card\">\n                <div class=\"range-card-inner \">\n                    <h3>TRANSPORTADORES<\/h3>\n                    \n                    <figure class=\"range-image\" style=\"background-image:url(https:\/\/www.powerscreenofcalifornia.com\/wp-content\/uploads\/2023\/02\/CT65-PERS-LHS-600x338.png)\"><\/figure>\n                <\/div>\n                                    <a href=\"https:\/\/www.powerscreenofcalifornia.com\/categories\/conveyors\/\" class=\"button-primary button-col-primary\" target=\"\">\n                        <span>Ver la gama<\/span>\n                    <\/a>\n                            <\/div>\n        \n            \n            <div class=\"range-card\">\n                <div class=\"range-card-inner \">\n                    <h3>ASTILLADORAS Y TRITURADORAS<\/h3>\n                    \n                    <figure class=\"range-image\" style=\"background-image:url(https:\/\/www.powerscreenofcalifornia.com\/wp-content\/uploads\/2023\/02\/product-images_0059_CBI-5800BT-600x510.png)\"><\/figure>\n                <\/div>\n                                    <a href=\"https:\/\/www.powerscreenofcalifornia.com\/categories\/chipper-and-grinder\/\" class=\"button-primary button-col-primary\" target=\"\">\n                        <span>Ver la gama<\/span>\n                    <\/a>\n                            <\/div>\n            <\/div><\/div>\n<div style=\"height:50px\" aria-hidden=\"true\" class=\"wp-block-spacer\"><\/div>\n\n<section id=\"two-col-block_4d58385cc7f9a30ea5815be0dce02ab6\" class=\"two-col-block py-0 bg-transparent  \">\n    \n<div class=\"block-header-container\">\n            <h1 class=\"block-header text-center \">c\u00f3mo podemos ayudarle<\/h1>\n    \n            <div class=\"written block-text lg:text-lg\"><p>Disponemos de una amplia gama de opciones de equipamiento y servicios de asistencia para ayudar a nuestros clientes a alcanzar sus objetivos de producci\u00f3n de la forma m\u00e1s eficaz y rentable.<\/p>\n<\/div>\n    \n    <\/div>\n    <div class=\"two-col-container                                  container\">\n        <div class=\"grid grid-cols-1 mb-5 lg:grid-cols-2 lg:mb-0\" style=\"background-color:                                                                                           transparent;\">\n                    \n    <div class=\"custom-call-to-action-outer \" style=\"\">\n    \n        <div class=\"custom-call-to-action\" >\n                            <h3 class=\"cta-heading\">Equipos usados<\/h3>\n                            <p class=\"cta-text\">Si no desea adquirir una m\u00e1quina nueva, nuestro equipo de expertos en equipos usados dispone de una gama de opciones de maquinaria usada que puede considerar.<\/p>\n                            <a class=\"cta-button\" href=\"https:\/\/www.powerscreenofcalifornia.com\/es\/usado\/\">Ver Stock Usado<\/a>\n                    <\/div>\n\n    <\/div>\n        \n    <div class=\"custom-call-to-action-outer has-background-image\" style=\"background-image: url(https:\/\/www.powerscreenofcalifornia.com\/wp-content\/uploads\/2023\/02\/Aftercare-2-600x402.png)\">\n    \n        <div class=\"custom-call-to-action\" >\n                            <h3 class=\"cta-heading\">Piezas y servicio<\/h3>\n                            <p class=\"cta-text\">El tiempo de actividad es fundamental, independientemente del tipo de equipo que utilice. Somos conscientes de ello y combinamos capacidades de servicio eficaces y piezas originales para que siga produciendo. <\/p>\n                            <a class=\"cta-button\" href=\"https:\/\/www.powerscreenofcalifornia.com\/es\/cuidado-posterior\/\">M\u00e1s informaci\u00f3n<\/a>\n                    <\/div>\n\n    <\/div>\n        <\/div>\n    <\/div>\n<\/section>\n<div style=\"height:100px\" aria-hidden=\"true\" class=\"wp-block-spacer\"><\/div>\n","protected":false},"excerpt":{"rendered":"","protected":false},"author":6,"featured_media":0,"parent":33415,"menu_order":0,"comment_status":"closed","ping_status":"closed","template":"","meta":{"_acf_changed":false,"footnotes":""},"class_list":["post-33541","page","type-page","status-publish","hentry"],"acf":[],"yoast_head":"<!-- This site is optimized with the Yoast SEO plugin v27.4 - https:\/\/yoast.com\/product\/yoast-seo-wordpress\/ -->\n<title>Soluciones de reciclaje | Powerscreen of California<\/title>\n<meta name=\"description\" content=\"El reciclaje en la construcci\u00f3n es una parte importante del movimiento de construcci\u00f3n ecol\u00f3gica. Nuestras soluciones ayudan a reducir la cantidad de residuos depositados en vertederos.\" \/>\n<meta name=\"robots\" content=\"index, follow, max-snippet:-1, max-image-preview:large, max-video-preview:-1\" \/>\n<link rel=\"canonical\" href=\"https:\/\/www.powerscreenofcalifornia.com\/es\/industrias\/reciclado\/\" \/>\n<meta property=\"og:locale\" content=\"es_ES\" \/>\n<meta property=\"og:type\" content=\"article\" \/>\n<meta property=\"og:title\" content=\"Soluciones de reciclaje | Powerscreen of California\" \/>\n<meta property=\"og:description\" content=\"El reciclaje en la construcci\u00f3n es una parte importante del movimiento de construcci\u00f3n ecol\u00f3gica. Nuestras soluciones ayudan a reducir la cantidad de residuos depositados en vertederos.\" \/>\n<meta property=\"og:url\" content=\"https:\/\/www.powerscreenofcalifornia.com\/es\/industrias\/reciclado\/\" \/>\n<meta property=\"og:site_name\" content=\"Powerscreen of California\" \/>\n<meta property=\"article:publisher\" content=\"https:\/\/www.facebook.com\/powerscreenofcaliforniaandhawaii\/\" \/>\n<meta property=\"article:modified_time\" content=\"2026-01-27T23:58:24+00:00\" \/>\n<meta name=\"twitter:card\" content=\"summary_large_image\" \/>\n<meta name=\"twitter:site\" content=\"@PowerscreenCaHi\" \/>\n<script type=\"application\/ld+json\" class=\"yoast-schema-graph\">{\"@context\":\"https:\\\/\\\/schema.org\",\"@graph\":[{\"@type\":\"WebPage\",\"@id\":\"https:\\\/\\\/www.powerscreenofcalifornia.com\\\/es\\\/industrias\\\/reciclado\\\/\",\"url\":\"https:\\\/\\\/www.powerscreenofcalifornia.com\\\/es\\\/industrias\\\/reciclado\\\/\",\"name\":\"Soluciones de reciclaje | Powerscreen of California\",\"isPartOf\":{\"@id\":\"https:\\\/\\\/www.powerscreenofcalifornia.com\\\/es\\\/#website\"},\"datePublished\":\"2023-03-01T01:55:50+00:00\",\"dateModified\":\"2026-01-27T23:58:24+00:00\",\"description\":\"El reciclaje en la construcci\u00f3n es una parte importante del movimiento de construcci\u00f3n ecol\u00f3gica. Nuestras soluciones ayudan a reducir la cantidad de residuos depositados en vertederos.\",\"breadcrumb\":{\"@id\":\"https:\\\/\\\/www.powerscreenofcalifornia.com\\\/es\\\/industrias\\\/reciclado\\\/#breadcrumb\"},\"inLanguage\":\"es\",\"potentialAction\":[{\"@type\":\"ReadAction\",\"target\":[\"https:\\\/\\\/www.powerscreenofcalifornia.com\\\/es\\\/industrias\\\/reciclado\\\/\"]}]},{\"@type\":\"BreadcrumbList\",\"@id\":\"https:\\\/\\\/www.powerscreenofcalifornia.com\\\/es\\\/industrias\\\/reciclado\\\/#breadcrumb\",\"itemListElement\":[{\"@type\":\"ListItem\",\"position\":1,\"name\":\"Inicio\",\"item\":\"https:\\\/\\\/www.powerscreenofcalifornia.com\\\/es\\\/\"},{\"@type\":\"ListItem\",\"position\":2,\"name\":\"Industrias\",\"item\":\"https:\\\/\\\/www.powerscreenofcalifornia.com\\\/es\\\/industrias\\\/\"},{\"@type\":\"ListItem\",\"position\":3,\"name\":\"Reciclado\"}]},{\"@type\":\"WebSite\",\"@id\":\"https:\\\/\\\/www.powerscreenofcalifornia.com\\\/es\\\/#website\",\"url\":\"https:\\\/\\\/www.powerscreenofcalifornia.com\\\/es\\\/\",\"name\":\"Powerscreen of California\",\"description\":\"The West Coast\u2019s Leading Independent Dealer For Materials Processing Equipment\",\"publisher\":{\"@id\":\"https:\\\/\\\/www.powerscreenofcalifornia.com\\\/es\\\/#organization\"},\"potentialAction\":[{\"@type\":\"SearchAction\",\"target\":{\"@type\":\"EntryPoint\",\"urlTemplate\":\"https:\\\/\\\/www.powerscreenofcalifornia.com\\\/es\\\/?s={search_term_string}\"},\"query-input\":{\"@type\":\"PropertyValueSpecification\",\"valueRequired\":true,\"valueName\":\"search_term_string\"}}],\"inLanguage\":\"es\"},{\"@type\":\"Organization\",\"@id\":\"https:\\\/\\\/www.powerscreenofcalifornia.com\\\/es\\\/#organization\",\"name\":\"Powerscreen of California\",\"url\":\"https:\\\/\\\/www.powerscreenofcalifornia.com\\\/es\\\/\",\"logo\":{\"@type\":\"ImageObject\",\"inLanguage\":\"es\",\"@id\":\"https:\\\/\\\/www.powerscreenofcalifornia.com\\\/es\\\/#\\\/schema\\\/logo\\\/image\\\/\",\"url\":\"https:\\\/\\\/www.powerscreenofcalifornia.com\\\/wp-content\\\/uploads\\\/2023\\\/02\\\/PoCLogo.png\",\"contentUrl\":\"https:\\\/\\\/www.powerscreenofcalifornia.com\\\/wp-content\\\/uploads\\\/2023\\\/02\\\/PoCLogo.png\",\"width\":1200,\"height\":900,\"caption\":\"Powerscreen of California\"},\"image\":{\"@id\":\"https:\\\/\\\/www.powerscreenofcalifornia.com\\\/es\\\/#\\\/schema\\\/logo\\\/image\\\/\"},\"sameAs\":[\"https:\\\/\\\/www.facebook.com\\\/powerscreenofcaliforniaandhawaii\\\/\",\"https:\\\/\\\/x.com\\\/PowerscreenCaHi\",\"https:\\\/\\\/www.linkedin.com\\\/company\\\/powerscreen-of-california-&-hawaii\",\"https:\\\/\\\/www.instagram.com\\\/powerscreen_cali\"]}]}<\/script>\n<!-- \/ Yoast SEO plugin. -->","yoast_head_json":{"title":"Soluciones de reciclaje | Powerscreen of California","description":"El reciclaje en la construcci\u00f3n es una parte importante del movimiento de construcci\u00f3n ecol\u00f3gica. Nuestras soluciones ayudan a reducir la cantidad de residuos depositados en vertederos.","robots":{"index":"index","follow":"follow","max-snippet":"max-snippet:-1","max-image-preview":"max-image-preview:large","max-video-preview":"max-video-preview:-1"},"canonical":"https:\/\/www.powerscreenofcalifornia.com\/es\/industrias\/reciclado\/","og_locale":"es_ES","og_type":"article","og_title":"Soluciones de reciclaje | Powerscreen of California","og_description":"El reciclaje en la construcci\u00f3n es una parte importante del movimiento de construcci\u00f3n ecol\u00f3gica. Nuestras soluciones ayudan a reducir la cantidad de residuos depositados en vertederos.","og_url":"https:\/\/www.powerscreenofcalifornia.com\/es\/industrias\/reciclado\/","og_site_name":"Powerscreen of California","article_publisher":"https:\/\/www.facebook.com\/powerscreenofcaliforniaandhawaii\/","article_modified_time":"2026-01-27T23:58:24+00:00","twitter_card":"summary_large_image","twitter_site":"@PowerscreenCaHi","schema":{"@context":"https:\/\/schema.org","@graph":[{"@type":"WebPage","@id":"https:\/\/www.powerscreenofcalifornia.com\/es\/industrias\/reciclado\/","url":"https:\/\/www.powerscreenofcalifornia.com\/es\/industrias\/reciclado\/","name":"Soluciones de reciclaje | Powerscreen of California","isPartOf":{"@id":"https:\/\/www.powerscreenofcalifornia.com\/es\/#website"},"datePublished":"2023-03-01T01:55:50+00:00","dateModified":"2026-01-27T23:58:24+00:00","description":"El reciclaje en la construcci\u00f3n es una parte importante del movimiento de construcci\u00f3n ecol\u00f3gica. Nuestras soluciones ayudan a reducir la cantidad de residuos depositados en vertederos.","breadcrumb":{"@id":"https:\/\/www.powerscreenofcalifornia.com\/es\/industrias\/reciclado\/#breadcrumb"},"inLanguage":"es","potentialAction":[{"@type":"ReadAction","target":["https:\/\/www.powerscreenofcalifornia.com\/es\/industrias\/reciclado\/"]}]},{"@type":"BreadcrumbList","@id":"https:\/\/www.powerscreenofcalifornia.com\/es\/industrias\/reciclado\/#breadcrumb","itemListElement":[{"@type":"ListItem","position":1,"name":"Inicio","item":"https:\/\/www.powerscreenofcalifornia.com\/es\/"},{"@type":"ListItem","position":2,"name":"Industrias","item":"https:\/\/www.powerscreenofcalifornia.com\/es\/industrias\/"},{"@type":"ListItem","position":3,"name":"Reciclado"}]},{"@type":"WebSite","@id":"https:\/\/www.powerscreenofcalifornia.com\/es\/#website","url":"https:\/\/www.powerscreenofcalifornia.com\/es\/","name":"Powerscreen of California","description":"The West Coast\u2019s Leading Independent Dealer For Materials Processing Equipment","publisher":{"@id":"https:\/\/www.powerscreenofcalifornia.com\/es\/#organization"},"potentialAction":[{"@type":"SearchAction","target":{"@type":"EntryPoint","urlTemplate":"https:\/\/www.powerscreenofcalifornia.com\/es\/?s={search_term_string}"},"query-input":{"@type":"PropertyValueSpecification","valueRequired":true,"valueName":"search_term_string"}}],"inLanguage":"es"},{"@type":"Organization","@id":"https:\/\/www.powerscreenofcalifornia.com\/es\/#organization","name":"Powerscreen of California","url":"https:\/\/www.powerscreenofcalifornia.com\/es\/","logo":{"@type":"ImageObject","inLanguage":"es","@id":"https:\/\/www.powerscreenofcalifornia.com\/es\/#\/schema\/logo\/image\/","url":"https:\/\/www.powerscreenofcalifornia.com\/wp-content\/uploads\/2023\/02\/PoCLogo.png","contentUrl":"https:\/\/www.powerscreenofcalifornia.com\/wp-content\/uploads\/2023\/02\/PoCLogo.png","width":1200,"height":900,"caption":"Powerscreen of California"},"image":{"@id":"https:\/\/www.powerscreenofcalifornia.com\/es\/#\/schema\/logo\/image\/"},"sameAs":["https:\/\/www.facebook.com\/powerscreenofcaliforniaandhawaii\/","https:\/\/x.com\/PowerscreenCaHi","https:\/\/www.linkedin.com\/company\/powerscreen-of-california-&-hawaii","https:\/\/www.instagram.com\/powerscreen_cali"]}]}},"_links":{"self":[{"href":"https:\/\/www.powerscreenofcalifornia.com\/es\/wp-json\/wp\/v2\/pages\/33541","targetHints":{"allow":["GET"]}}],"collection":[{"href":"https:\/\/www.powerscreenofcalifornia.com\/es\/wp-json\/wp\/v2\/pages"}],"about":[{"href":"https:\/\/www.powerscreenofcalifornia.com\/es\/wp-json\/wp\/v2\/types\/page"}],"author":[{"embeddable":true,"href":"https:\/\/www.powerscreenofcalifornia.com\/es\/wp-json\/wp\/v2\/users\/6"}],"replies":[{"embeddable":true,"href":"https:\/\/www.powerscreenofcalifornia.com\/es\/wp-json\/wp\/v2\/comments?post=33541"}],"version-history":[{"count":4,"href":"https:\/\/www.powerscreenofcalifornia.com\/es\/wp-json\/wp\/v2\/pages\/33541\/revisions"}],"predecessor-version":[{"id":37922,"href":"https:\/\/www.powerscreenofcalifornia.com\/es\/wp-json\/wp\/v2\/pages\/33541\/revisions\/37922"}],"up":[{"embeddable":true,"href":"https:\/\/www.powerscreenofcalifornia.com\/es\/wp-json\/wp\/v2\/pages\/33415"}],"wp:attachment":[{"href":"https:\/\/www.powerscreenofcalifornia.com\/es\/wp-json\/wp\/v2\/media?parent=33541"}],"curies":[{"name":"wp","href":"https:\/\/api.w.org\/{rel}","templated":true}]}}