{"id":33538,"date":"2023-02-28T17:55:50","date_gmt":"2023-03-01T01:55:50","guid":{"rendered":"https:\/\/www.powerscreenofcalifornia.com\/industrias\/reciclado-de-productos-organicos\/"},"modified":"2026-05-06T23:20:38","modified_gmt":"2026-05-07T06:20:38","slug":"reciclado-de-productos-organicos","status":"publish","type":"page","link":"https:\/\/www.powerscreenofcalifornia.com\/es\/industrias\/reciclado-de-productos-organicos\/","title":{"rendered":"Reciclado de productos org\u00e1nicos"},"content":{"rendered":"\n\n<div class=\"container\">\n\n    <div class=\"block-header-container\">\n\n                    <h2 class=\"block-header text-center \">Soluciones de reciclaje de productos org\u00e1nicos<\/h2>\n                            <div class=\"written block-text lg:text-lg\">Las m\u00e1quinas industriales de reciclaje org\u00e1nico son la soluci\u00f3n perfecta para las empresas que necesitan reciclar su materia org\u00e1nica con facilidad. Estas m\u00e1quinas proporcionan una forma segura y eficaz de procesar y eliminar los residuos org\u00e1nicos, garantizando su correcto reciclaje y reduciendo la necesidad de costosos espacios en vertederos. Est\u00e1n dise\u00f1adas para manipular una amplia gama de materiales, desde residuos alimentarios hasta virutas de madera y otras materias org\u00e1nicas. <\/div>\n        \n\n    <\/div>\n\n    <div class=\"range-cards \">\n        \n            \n            <div class=\"range-card\">\n                <div class=\"range-card-inner \">\n                    <h3>TRITURADORAS<\/h3>\n                    \n                    <figure class=\"range-image\" style=\"background-image:url(https:\/\/www.powerscreenofcalifornia.com\/wp-content\/uploads\/2023\/02\/product-images_0000s_0008_TBG-530T-Render-01-Feed-Wheel-Up-600x510.png)\"><\/figure>\n                <\/div>\n                                    <a href=\"https:\/\/www.powerscreenofcalifornia.com\/categories\/shredders-2\/\" class=\"button-primary button-col-primary\" target=\"\">\n                        <span>Ver la gama<\/span>\n                    <\/a>\n                            <\/div>\n        \n            \n            <div class=\"range-card\">\n                <div class=\"range-card-inner \">\n                    <h3>TR\u00d3MELES DE CRIBADO<\/h3>\n                    \n                    <figure class=\"range-image\" style=\"background-image:url(https:\/\/www.powerscreenofcalifornia.com\/wp-content\/uploads\/2023\/02\/product-images_0000s_0002_Phoenix-1600-Wheeled-Pers-LHS-01-600x510.png)\"><\/figure>\n                <\/div>\n                                    <a href=\"https:\/\/www.powerscreenofcalifornia.com\/es\/categorias-3\/trommels\/\" class=\"button-primary button-col-primary\" target=\"\">\n                        <span>Ver la gama<\/span>\n                    <\/a>\n                            <\/div>\n        \n            \n            <div class=\"range-card\">\n                <div class=\"range-card-inner \">\n                    <h3>ASTILLADORAS Y TRITURADORAS<\/h3>\n                    \n                    <figure class=\"range-image\" style=\"background-image:url(https:\/\/www.powerscreenofcalifornia.com\/wp-content\/uploads\/2023\/02\/product-images_0060_CBI-6800CT-600x510.png)\"><\/figure>\n                <\/div>\n                                    <a href=\"https:\/\/www.powerscreenofcalifornia.com\/categories\/chipper-and-grinder\/\" class=\"button-primary button-col-primary\" target=\"\">\n                        <span>Ver la gama<\/span>\n                    <\/a>\n                            <\/div>\n        \n            \n            <div class=\"range-card\">\n                <div class=\"range-card-inner \">\n                    <h3>CRIBAS DE REVENTA<\/h3>\n                    \n                    <figure class=\"range-image\" style=\"background-image:url(https:\/\/www.powerscreenofcalifornia.com\/wp-content\/uploads\/2023\/02\/TITAN-2300-PERS-LHS-1-600x338.png)\"><\/figure>\n                <\/div>\n                                    <a href=\"https:\/\/www.powerscreenofcalifornia.com\/es\/categorias-3\/cribas-de-scalping\/\" class=\"button-primary button-col-primary\" target=\"\">\n                        <span>Ver la gama<\/span>\n                    <\/a>\n                            <\/div>\n        \n            \n            <div class=\"range-card\">\n                <div class=\"range-card-inner \">\n                    <h3>MANIPULADORES DE MATERIALES<\/h3>\n                    \n                    <figure class=\"range-image\" style=\"background-image:url(https:\/\/www.powerscreenofcalifornia.com\/wp-content\/uploads\/2023\/02\/product-images_0002s_0001_Layer-1-600x510.png)\"><\/figure>\n                <\/div>\n                                    <a href=\"https:\/\/www.powerscreenofcalifornia.com\/es\/categorias-3\/manipuladores-de-material\/\" class=\"button-primary button-col-primary\" target=\"\">\n                        <span>Ver la gama<\/span>\n                    <\/a>\n                            <\/div>\n        \n            \n            <div class=\"range-card\">\n                <div class=\"range-card-inner \">\n                    <h3>TRANSPORTADORES<\/h3>\n                    \n                    <figure class=\"range-image\" style=\"background-image:url(https:\/\/www.powerscreenofcalifornia.com\/wp-content\/uploads\/2023\/02\/CT65-PERS-LHS-600x338.png)\"><\/figure>\n                <\/div>\n                                    <a href=\"https:\/\/www.powerscreenofcalifornia.com\/es\/categorias-3\/transportadores\/\" class=\"button-primary button-col-primary\" target=\"\">\n                        <span>Ver la gama<\/span>\n                    <\/a>\n                            <\/div>\n            <\/div><\/div>\n<div style=\"height:50px\" aria-hidden=\"true\" class=\"wp-block-spacer\"><\/div>\n\n<section id=\"two-col-block_0c5d83d0eb5b62f7ccf01bc289f55600\" class=\"two-col-block py-0 bg-transparent  \">\n    \n<div class=\"block-header-container\">\n            <h1 class=\"block-header text-center \">c\u00f3mo podemos ayudarle<\/h1>\n    \n            <div class=\"written block-text lg:text-lg\"><p>Disponemos de una amplia gama de opciones de equipamiento y servicios de asistencia para ayudar a nuestros clientes a alcanzar sus objetivos de producci\u00f3n de la forma m\u00e1s eficaz y rentable.<\/p>\n<\/div>\n    \n    <\/div>\n    <div class=\"two-col-container                                  container\">\n        <div class=\"grid grid-cols-1 mb-5 lg:grid-cols-2 lg:mb-0\" style=\"background-color:                                                                                           transparent;\">\n                    \n    <div class=\"custom-call-to-action-outer \" style=\"\">\n    \n        <div class=\"custom-call-to-action\" >\n                            <h3 class=\"cta-heading\">Equipos usados<\/h3>\n                            <p class=\"cta-text\">Si no desea adquirir una m\u00e1quina nueva, nuestro equipo de expertos en equipos usados dispone de una gama de opciones de maquinaria usada que puede considerar.<\/p>\n                            <a class=\"cta-button\" href=\"https:\/\/www.powerscreenofcalifornia.com\/es\/usado\/\">Ver Stock Usado<\/a>\n                    <\/div>\n\n    <\/div>\n        \n    <div class=\"custom-call-to-action-outer has-background-image\" style=\"background-image: url(https:\/\/www.powerscreenofcalifornia.com\/wp-content\/uploads\/2023\/02\/Aftercare-2-600x402.png)\">\n    \n        <div class=\"custom-call-to-action\" >\n                            <h3 class=\"cta-heading\">Piezas y servicio<\/h3>\n                            <p class=\"cta-text\">El tiempo de actividad es fundamental, independientemente del tipo de equipo que utilice. Somos conscientes de ello y combinamos capacidades de servicio eficaces y piezas originales para que siga produciendo. <\/p>\n                            <a class=\"cta-button\" href=\"https:\/\/www.powerscreenofcalifornia.com\/es\/cuidado-posterior\/\">M\u00e1s informaci\u00f3n<\/a>\n                    <\/div>\n\n    <\/div>\n        <\/div>\n    <\/div>\n<\/section>\n<div style=\"height:100px\" aria-hidden=\"true\" class=\"wp-block-spacer\"><\/div>\n","protected":false},"excerpt":{"rendered":"","protected":false},"author":6,"featured_media":0,"parent":33415,"menu_order":0,"comment_status":"closed","ping_status":"closed","template":"","meta":{"_acf_changed":false,"footnotes":""},"class_list":["post-33538","page","type-page","status-publish","hentry"],"acf":[],"yoast_head":"<!-- This site is optimized with the Yoast SEO plugin v27.6 - https:\/\/yoast.com\/product\/yoast-seo-wordpress\/ -->\n<title>Soluci\u00f3n de reciclaje de productos org\u00e1nicos | Powerscreen of California<\/title>\n<meta name=\"description\" content=\"Las m\u00e1quinas industriales de reciclaje org\u00e1nico son la soluci\u00f3n perfecta para las empresas que necesitan reciclar su materia org\u00e1nica con facilidad.\" \/>\n<meta name=\"robots\" content=\"index, follow, max-snippet:-1, max-image-preview:large, max-video-preview:-1\" \/>\n<link rel=\"canonical\" href=\"https:\/\/www.powerscreenofcalifornia.com\/es\/industrias\/reciclado-de-productos-organicos\/\" \/>\n<meta property=\"og:locale\" content=\"es_ES\" \/>\n<meta property=\"og:type\" content=\"article\" \/>\n<meta property=\"og:title\" content=\"Soluci\u00f3n de reciclaje de productos org\u00e1nicos | Powerscreen of California\" \/>\n<meta property=\"og:description\" content=\"Las m\u00e1quinas industriales de reciclaje org\u00e1nico son la soluci\u00f3n perfecta para las empresas que necesitan reciclar su materia org\u00e1nica con facilidad.\" \/>\n<meta property=\"og:url\" content=\"https:\/\/www.powerscreenofcalifornia.com\/es\/industrias\/reciclado-de-productos-organicos\/\" \/>\n<meta property=\"og:site_name\" content=\"Powerscreen of California\" \/>\n<meta property=\"article:publisher\" content=\"https:\/\/www.facebook.com\/powerscreenofcaliforniaandhawaii\/\" \/>\n<meta property=\"article:modified_time\" content=\"2026-05-07T06:20:38+00:00\" \/>\n<meta name=\"twitter:card\" content=\"summary_large_image\" \/>\n<meta name=\"twitter:site\" content=\"@PowerscreenCaHi\" \/>\n<script type=\"application\/ld+json\" class=\"yoast-schema-graph\">{\"@context\":\"https:\\\/\\\/schema.org\",\"@graph\":[{\"@type\":\"WebPage\",\"@id\":\"https:\\\/\\\/www.powerscreenofcalifornia.com\\\/es\\\/industrias\\\/reciclado-de-productos-organicos\\\/\",\"url\":\"https:\\\/\\\/www.powerscreenofcalifornia.com\\\/es\\\/industrias\\\/reciclado-de-productos-organicos\\\/\",\"name\":\"Soluci\u00f3n de reciclaje de productos org\u00e1nicos | Powerscreen of California\",\"isPartOf\":{\"@id\":\"https:\\\/\\\/www.powerscreenofcalifornia.com\\\/es\\\/#website\"},\"datePublished\":\"2023-03-01T01:55:50+00:00\",\"dateModified\":\"2026-05-07T06:20:38+00:00\",\"description\":\"Las m\u00e1quinas industriales de reciclaje org\u00e1nico son la soluci\u00f3n perfecta para las empresas que necesitan reciclar su materia org\u00e1nica con facilidad.\",\"breadcrumb\":{\"@id\":\"https:\\\/\\\/www.powerscreenofcalifornia.com\\\/es\\\/industrias\\\/reciclado-de-productos-organicos\\\/#breadcrumb\"},\"inLanguage\":\"es\",\"potentialAction\":[{\"@type\":\"ReadAction\",\"target\":[\"https:\\\/\\\/www.powerscreenofcalifornia.com\\\/es\\\/industrias\\\/reciclado-de-productos-organicos\\\/\"]}]},{\"@type\":\"BreadcrumbList\",\"@id\":\"https:\\\/\\\/www.powerscreenofcalifornia.com\\\/es\\\/industrias\\\/reciclado-de-productos-organicos\\\/#breadcrumb\",\"itemListElement\":[{\"@type\":\"ListItem\",\"position\":1,\"name\":\"Inicio\",\"item\":\"https:\\\/\\\/www.powerscreenofcalifornia.com\\\/es\\\/\"},{\"@type\":\"ListItem\",\"position\":2,\"name\":\"Industrias\",\"item\":\"https:\\\/\\\/www.powerscreenofcalifornia.com\\\/es\\\/industrias\\\/\"},{\"@type\":\"ListItem\",\"position\":3,\"name\":\"Reciclado de productos org\u00e1nicos\"}]},{\"@type\":\"WebSite\",\"@id\":\"https:\\\/\\\/www.powerscreenofcalifornia.com\\\/es\\\/#website\",\"url\":\"https:\\\/\\\/www.powerscreenofcalifornia.com\\\/es\\\/\",\"name\":\"Powerscreen of California\",\"description\":\"The West Coast\u2019s Leading Independent Dealer For Materials Processing Equipment\",\"publisher\":{\"@id\":\"https:\\\/\\\/www.powerscreenofcalifornia.com\\\/es\\\/#organization\"},\"potentialAction\":[{\"@type\":\"SearchAction\",\"target\":{\"@type\":\"EntryPoint\",\"urlTemplate\":\"https:\\\/\\\/www.powerscreenofcalifornia.com\\\/es\\\/?s={search_term_string}\"},\"query-input\":{\"@type\":\"PropertyValueSpecification\",\"valueRequired\":true,\"valueName\":\"search_term_string\"}}],\"inLanguage\":\"es\"},{\"@type\":\"Organization\",\"@id\":\"https:\\\/\\\/www.powerscreenofcalifornia.com\\\/es\\\/#organization\",\"name\":\"Powerscreen of California\",\"url\":\"https:\\\/\\\/www.powerscreenofcalifornia.com\\\/es\\\/\",\"logo\":{\"@type\":\"ImageObject\",\"inLanguage\":\"es\",\"@id\":\"https:\\\/\\\/www.powerscreenofcalifornia.com\\\/es\\\/#\\\/schema\\\/logo\\\/image\\\/\",\"url\":\"https:\\\/\\\/www.powerscreenofcalifornia.com\\\/wp-content\\\/uploads\\\/2023\\\/02\\\/PoCLogo.png\",\"contentUrl\":\"https:\\\/\\\/www.powerscreenofcalifornia.com\\\/wp-content\\\/uploads\\\/2023\\\/02\\\/PoCLogo.png\",\"width\":1200,\"height\":900,\"caption\":\"Powerscreen of California\"},\"image\":{\"@id\":\"https:\\\/\\\/www.powerscreenofcalifornia.com\\\/es\\\/#\\\/schema\\\/logo\\\/image\\\/\"},\"sameAs\":[\"https:\\\/\\\/www.facebook.com\\\/powerscreenofcaliforniaandhawaii\\\/\",\"https:\\\/\\\/x.com\\\/PowerscreenCaHi\",\"https:\\\/\\\/www.linkedin.com\\\/company\\\/powerscreen-of-california-&-hawaii\",\"https:\\\/\\\/www.instagram.com\\\/powerscreen_cali\"]}]}<\/script>\n<!-- \/ Yoast SEO plugin. -->","yoast_head_json":{"title":"Soluci\u00f3n de reciclaje de productos org\u00e1nicos | Powerscreen of California","description":"Las m\u00e1quinas industriales de reciclaje org\u00e1nico son la soluci\u00f3n perfecta para las empresas que necesitan reciclar su materia org\u00e1nica con facilidad.","robots":{"index":"index","follow":"follow","max-snippet":"max-snippet:-1","max-image-preview":"max-image-preview:large","max-video-preview":"max-video-preview:-1"},"canonical":"https:\/\/www.powerscreenofcalifornia.com\/es\/industrias\/reciclado-de-productos-organicos\/","og_locale":"es_ES","og_type":"article","og_title":"Soluci\u00f3n de reciclaje de productos org\u00e1nicos | Powerscreen of California","og_description":"Las m\u00e1quinas industriales de reciclaje org\u00e1nico son la soluci\u00f3n perfecta para las empresas que necesitan reciclar su materia org\u00e1nica con facilidad.","og_url":"https:\/\/www.powerscreenofcalifornia.com\/es\/industrias\/reciclado-de-productos-organicos\/","og_site_name":"Powerscreen of California","article_publisher":"https:\/\/www.facebook.com\/powerscreenofcaliforniaandhawaii\/","article_modified_time":"2026-05-07T06:20:38+00:00","twitter_card":"summary_large_image","twitter_site":"@PowerscreenCaHi","schema":{"@context":"https:\/\/schema.org","@graph":[{"@type":"WebPage","@id":"https:\/\/www.powerscreenofcalifornia.com\/es\/industrias\/reciclado-de-productos-organicos\/","url":"https:\/\/www.powerscreenofcalifornia.com\/es\/industrias\/reciclado-de-productos-organicos\/","name":"Soluci\u00f3n de reciclaje de productos org\u00e1nicos | Powerscreen of California","isPartOf":{"@id":"https:\/\/www.powerscreenofcalifornia.com\/es\/#website"},"datePublished":"2023-03-01T01:55:50+00:00","dateModified":"2026-05-07T06:20:38+00:00","description":"Las m\u00e1quinas industriales de reciclaje org\u00e1nico son la soluci\u00f3n perfecta para las empresas que necesitan reciclar su materia org\u00e1nica con facilidad.","breadcrumb":{"@id":"https:\/\/www.powerscreenofcalifornia.com\/es\/industrias\/reciclado-de-productos-organicos\/#breadcrumb"},"inLanguage":"es","potentialAction":[{"@type":"ReadAction","target":["https:\/\/www.powerscreenofcalifornia.com\/es\/industrias\/reciclado-de-productos-organicos\/"]}]},{"@type":"BreadcrumbList","@id":"https:\/\/www.powerscreenofcalifornia.com\/es\/industrias\/reciclado-de-productos-organicos\/#breadcrumb","itemListElement":[{"@type":"ListItem","position":1,"name":"Inicio","item":"https:\/\/www.powerscreenofcalifornia.com\/es\/"},{"@type":"ListItem","position":2,"name":"Industrias","item":"https:\/\/www.powerscreenofcalifornia.com\/es\/industrias\/"},{"@type":"ListItem","position":3,"name":"Reciclado de productos org\u00e1nicos"}]},{"@type":"WebSite","@id":"https:\/\/www.powerscreenofcalifornia.com\/es\/#website","url":"https:\/\/www.powerscreenofcalifornia.com\/es\/","name":"Powerscreen of California","description":"The West Coast\u2019s Leading Independent Dealer For Materials Processing Equipment","publisher":{"@id":"https:\/\/www.powerscreenofcalifornia.com\/es\/#organization"},"potentialAction":[{"@type":"SearchAction","target":{"@type":"EntryPoint","urlTemplate":"https:\/\/www.powerscreenofcalifornia.com\/es\/?s={search_term_string}"},"query-input":{"@type":"PropertyValueSpecification","valueRequired":true,"valueName":"search_term_string"}}],"inLanguage":"es"},{"@type":"Organization","@id":"https:\/\/www.powerscreenofcalifornia.com\/es\/#organization","name":"Powerscreen of California","url":"https:\/\/www.powerscreenofcalifornia.com\/es\/","logo":{"@type":"ImageObject","inLanguage":"es","@id":"https:\/\/www.powerscreenofcalifornia.com\/es\/#\/schema\/logo\/image\/","url":"https:\/\/www.powerscreenofcalifornia.com\/wp-content\/uploads\/2023\/02\/PoCLogo.png","contentUrl":"https:\/\/www.powerscreenofcalifornia.com\/wp-content\/uploads\/2023\/02\/PoCLogo.png","width":1200,"height":900,"caption":"Powerscreen of California"},"image":{"@id":"https:\/\/www.powerscreenofcalifornia.com\/es\/#\/schema\/logo\/image\/"},"sameAs":["https:\/\/www.facebook.com\/powerscreenofcaliforniaandhawaii\/","https:\/\/x.com\/PowerscreenCaHi","https:\/\/www.linkedin.com\/company\/powerscreen-of-california-&-hawaii","https:\/\/www.instagram.com\/powerscreen_cali"]}]}},"_links":{"self":[{"href":"https:\/\/www.powerscreenofcalifornia.com\/es\/wp-json\/wp\/v2\/pages\/33538","targetHints":{"allow":["GET"]}}],"collection":[{"href":"https:\/\/www.powerscreenofcalifornia.com\/es\/wp-json\/wp\/v2\/pages"}],"about":[{"href":"https:\/\/www.powerscreenofcalifornia.com\/es\/wp-json\/wp\/v2\/types\/page"}],"author":[{"embeddable":true,"href":"https:\/\/www.powerscreenofcalifornia.com\/es\/wp-json\/wp\/v2\/users\/6"}],"replies":[{"embeddable":true,"href":"https:\/\/www.powerscreenofcalifornia.com\/es\/wp-json\/wp\/v2\/comments?post=33538"}],"version-history":[{"count":7,"href":"https:\/\/www.powerscreenofcalifornia.com\/es\/wp-json\/wp\/v2\/pages\/33538\/revisions"}],"predecessor-version":[{"id":55867,"href":"https:\/\/www.powerscreenofcalifornia.com\/es\/wp-json\/wp\/v2\/pages\/33538\/revisions\/55867"}],"up":[{"embeddable":true,"href":"https:\/\/www.powerscreenofcalifornia.com\/es\/wp-json\/wp\/v2\/pages\/33415"}],"wp:attachment":[{"href":"https:\/\/www.powerscreenofcalifornia.com\/es\/wp-json\/wp\/v2\/media?parent=33538"}],"curies":[{"name":"wp","href":"https:\/\/api.w.org\/{rel}","templated":true}]}}