{"id":33410,"date":"2023-02-01T16:14:13","date_gmt":"2023-02-02T00:14:13","guid":{"rendered":"https:\/\/www.powerscreenofcalifornia.com\/politicas\/"},"modified":"2026-01-27T15:55:48","modified_gmt":"2026-01-27T23:55:48","slug":"politicas","status":"publish","type":"page","link":"https:\/\/www.powerscreenofcalifornia.com\/es\/quienes-somos\/politicas\/","title":{"rendered":"Pol\u00edticas"},"content":{"rendered":"\n\n<div class=\"container\">\n\n    <div class=\"block-header-container\">\n\n                    <h1 class=\"block-header text-center \">Pol\u00edticas<\/h1>\n                            <div class=\"written block-text lg:text-lg\">Powerscreen of California se compromete a proporcionar a sus clientes productos y servicios de la m\u00e1xima calidad. La empresa aplica una pol\u00edtica estricta para garantizar que todos sus productos sean de la m\u00e1xima calidad, sin dejar de ofrecer precios competitivos. Adem\u00e1s, Powerscreen of California ha desarrollado un completo programa de seguridad y salud para garantizar un entorno de trabajo seguro, saludable y productivo para sus empleados. Esto incluye formaci\u00f3n peri\u00f3dica en seguridad y salud, inspecciones del lugar de trabajo y aplicaci\u00f3n de la normativa de seguridad y salud. Powerscreen of California tambi\u00e9n sigue una estricta pol\u00edtica medioambiental, que incluye el uso de materiales y pr\u00e1cticas sostenibles y la reducci\u00f3n de emisiones y residuos.    <\/div>\n        \n\n    <\/div>\n\n    <div class=\"range-cards \">\n        \n            \n            <div class=\"range-card\">\n                <div class=\"range-card-inner d-flex\">\n                    <h3>Pol\u00edtica de privacidad<\/h3>\n                    \n                    <figure class=\"range-image\" style=\"background-image:url()\"><\/figure>\n                <\/div>\n                                    <a href=\"https:\/\/www.powerscreenofcalifornia.com\/wp-content\/uploads\/2025\/02\/PoC-Privacy-Policy-V1.pdf\" class=\"button-primary button-col-primary\" target=\"\">\n                        <span>Ver pol\u00edtica<\/span>\n                    <\/a>\n                            <\/div>\n        \n            \n            <div class=\"range-card\">\n                <div class=\"range-card-inner d-flex\">\n                    <h3>Pol\u00edtica de igualdad de oportunidades<\/h3>\n                    \n                    <figure class=\"range-image\" style=\"background-image:url()\"><\/figure>\n                <\/div>\n                                    <a href=\"https:\/\/www.powerscreenofcalifornia.com\/wp-content\/uploads\/2025\/02\/PoC-Equal-Opportunity-Policy-V1.pdf\" class=\"button-primary button-col-primary\" target=\"\">\n                        <span>Ver pol\u00edtica<\/span>\n                    <\/a>\n                            <\/div>\n        \n            \n            <div class=\"range-card\">\n                <div class=\"range-card-inner d-flex\">\n                    <h3>Pol\u00edtica antiesclavista<\/h3>\n                    \n                    <figure class=\"range-image\" style=\"background-image:url()\"><\/figure>\n                <\/div>\n                                    <a href=\"https:\/\/www.powerscreenofcalifornia.com\/wp-content\/uploads\/2025\/02\/PoC-Anti-Slavery-Policy-V1.pdf\" class=\"button-primary button-col-primary\" target=\"\">\n                        <span>Ver pol\u00edtica<\/span>\n                    <\/a>\n                            <\/div>\n        \n            \n            <div class=\"range-card\">\n                <div class=\"range-card-inner d-flex\">\n                    <h3>Pol\u00edtica de soborno y corrupci\u00f3n<\/h3>\n                    \n                    <figure class=\"range-image\" style=\"background-image:url()\"><\/figure>\n                <\/div>\n                                    <a href=\"https:\/\/www.powerscreenofcalifornia.com\/wp-content\/uploads\/2025\/02\/PoC-Bribery-Policy-V1.pdf\" class=\"button-primary button-col-primary\" target=\"\">\n                        <span>Ver pol\u00edtica<\/span>\n                    <\/a>\n                            <\/div>\n        \n            \n            <div class=\"range-card\">\n                <div class=\"range-card-inner d-flex\">\n                    <h3>Pol\u00edtica de cookies<\/h3>\n                    \n                    <figure class=\"range-image\" style=\"background-image:url()\"><\/figure>\n                <\/div>\n                                    <a href=\"https:\/\/www.powerscreenofcalifornia.com\/wp-content\/uploads\/2025\/01\/PoC-Cookie-Policy-V1.pdf\" class=\"button-primary button-col-primary\" target=\"\">\n                        <span>Ver pol\u00edtica<\/span>\n                    <\/a>\n                            <\/div>\n        \n            \n            <div class=\"range-card\">\n                <div class=\"range-card-inner d-flex\">\n                    <h3>Pol\u00edtica de comunicaciones electr\u00f3nicas<\/h3>\n                    \n                    <figure class=\"range-image\" style=\"background-image:url()\"><\/figure>\n                <\/div>\n                                    <a href=\"https:\/\/www.powerscreenofcalifornia.com\/wp-content\/uploads\/2025\/01\/PoC-PECR-Policy-V1.pdf\" class=\"button-primary button-col-primary\" target=\"\">\n                        <span>Ver pol\u00edtica<\/span>\n                    <\/a>\n                            <\/div>\n        \n            \n            <div class=\"range-card\">\n                <div class=\"range-card-inner d-flex\">\n                    <h3>Pol\u00edtica de marketing directo<\/h3>\n                    \n                    <figure class=\"range-image\" style=\"background-image:url()\"><\/figure>\n                <\/div>\n                                    <a href=\"https:\/\/www.powerscreenofcalifornia.com\/wp-content\/uploads\/2025\/01\/PoC-Direct-Marketing-Policy-V1.pdf\" class=\"button-primary button-col-primary\" target=\"\">\n                        <span>Ver pol\u00edtica<\/span>\n                    <\/a>\n                            <\/div>\n        \n            \n            <div class=\"range-card\">\n                <div class=\"range-card-inner d-flex\">\n                    <h3>Pol\u00edticas y procedimientos en materia de violaci\u00f3n de datos<\/h3>\n                    \n                    <figure class=\"range-image\" style=\"background-image:url()\"><\/figure>\n                <\/div>\n                                    <a href=\"https:\/\/www.powerscreenofcalifornia.com\/wp-content\/uploads\/2025\/01\/PoC-Data-Breach-Policy-and-Procedures-V1.pdf\" class=\"button-primary button-col-primary\" target=\"\">\n                        <span>Ver pol\u00edtica<\/span>\n                    <\/a>\n                            <\/div>\n            <\/div><\/div>","protected":false},"excerpt":{"rendered":"","protected":false},"author":6,"featured_media":0,"parent":33698,"menu_order":0,"comment_status":"closed","ping_status":"closed","template":"","meta":{"_acf_changed":false,"footnotes":""},"class_list":["post-33410","page","type-page","status-publish","hentry"],"acf":[],"yoast_head":"<!-- This site is optimized with the Yoast SEO plugin v27.5 - https:\/\/yoast.com\/product\/yoast-seo-wordpress\/ -->\n<title>Pol\u00edticas - Powerscreen of California<\/title>\n<meta name=\"description\" content=\"We are a leading independent new &amp; used industrial equipment dealer. Learn more about Pol\u00edticas here.\" \/>\n<meta name=\"robots\" content=\"index, follow, max-snippet:-1, max-image-preview:large, max-video-preview:-1\" \/>\n<link rel=\"canonical\" href=\"https:\/\/www.powerscreenofcalifornia.com\/es\/quienes-somos\/politicas\/\" \/>\n<meta property=\"og:locale\" content=\"es_ES\" \/>\n<meta property=\"og:type\" content=\"article\" \/>\n<meta property=\"og:title\" content=\"Pol\u00edticas - Powerscreen of California\" \/>\n<meta property=\"og:description\" content=\"We are a leading independent new &amp; used industrial equipment dealer. Learn more about Pol\u00edticas here.\" \/>\n<meta property=\"og:url\" content=\"https:\/\/www.powerscreenofcalifornia.com\/es\/quienes-somos\/politicas\/\" \/>\n<meta property=\"og:site_name\" content=\"Powerscreen of California\" \/>\n<meta property=\"article:publisher\" content=\"https:\/\/www.facebook.com\/powerscreenofcaliforniaandhawaii\/\" \/>\n<meta property=\"article:modified_time\" content=\"2026-01-27T23:55:48+00:00\" \/>\n<meta name=\"twitter:card\" content=\"summary_large_image\" \/>\n<meta name=\"twitter:site\" content=\"@PowerscreenCaHi\" \/>\n<script type=\"application\/ld+json\" class=\"yoast-schema-graph\">{\"@context\":\"https:\\\/\\\/schema.org\",\"@graph\":[{\"@type\":\"WebPage\",\"@id\":\"https:\\\/\\\/www.powerscreenofcalifornia.com\\\/es\\\/quienes-somos\\\/politicas\\\/\",\"url\":\"https:\\\/\\\/www.powerscreenofcalifornia.com\\\/es\\\/quienes-somos\\\/politicas\\\/\",\"name\":\"Pol\u00edticas - Powerscreen of California\",\"isPartOf\":{\"@id\":\"https:\\\/\\\/www.powerscreenofcalifornia.com\\\/es\\\/#website\"},\"datePublished\":\"2023-02-02T00:14:13+00:00\",\"dateModified\":\"2026-01-27T23:55:48+00:00\",\"description\":\"We are a leading independent new &amp; used industrial equipment dealer. Learn more about Pol\u00edticas here.\",\"breadcrumb\":{\"@id\":\"https:\\\/\\\/www.powerscreenofcalifornia.com\\\/es\\\/quienes-somos\\\/politicas\\\/#breadcrumb\"},\"inLanguage\":\"es\",\"potentialAction\":[{\"@type\":\"ReadAction\",\"target\":[\"https:\\\/\\\/www.powerscreenofcalifornia.com\\\/es\\\/quienes-somos\\\/politicas\\\/\"]}]},{\"@type\":\"BreadcrumbList\",\"@id\":\"https:\\\/\\\/www.powerscreenofcalifornia.com\\\/es\\\/quienes-somos\\\/politicas\\\/#breadcrumb\",\"itemListElement\":[{\"@type\":\"ListItem\",\"position\":1,\"name\":\"Inicio\",\"item\":\"https:\\\/\\\/www.powerscreenofcalifornia.com\\\/es\\\/\"},{\"@type\":\"ListItem\",\"position\":2,\"name\":\"Qui\u00e9nes somos\",\"item\":\"https:\\\/\\\/www.powerscreenofcalifornia.com\\\/es\\\/quienes-somos\\\/\"},{\"@type\":\"ListItem\",\"position\":3,\"name\":\"Pol\u00edticas\"}]},{\"@type\":\"WebSite\",\"@id\":\"https:\\\/\\\/www.powerscreenofcalifornia.com\\\/es\\\/#website\",\"url\":\"https:\\\/\\\/www.powerscreenofcalifornia.com\\\/es\\\/\",\"name\":\"Powerscreen of California\",\"description\":\"The West Coast\u2019s Leading Independent Dealer For Materials Processing Equipment\",\"publisher\":{\"@id\":\"https:\\\/\\\/www.powerscreenofcalifornia.com\\\/es\\\/#organization\"},\"potentialAction\":[{\"@type\":\"SearchAction\",\"target\":{\"@type\":\"EntryPoint\",\"urlTemplate\":\"https:\\\/\\\/www.powerscreenofcalifornia.com\\\/es\\\/?s={search_term_string}\"},\"query-input\":{\"@type\":\"PropertyValueSpecification\",\"valueRequired\":true,\"valueName\":\"search_term_string\"}}],\"inLanguage\":\"es\"},{\"@type\":\"Organization\",\"@id\":\"https:\\\/\\\/www.powerscreenofcalifornia.com\\\/es\\\/#organization\",\"name\":\"Powerscreen of California\",\"url\":\"https:\\\/\\\/www.powerscreenofcalifornia.com\\\/es\\\/\",\"logo\":{\"@type\":\"ImageObject\",\"inLanguage\":\"es\",\"@id\":\"https:\\\/\\\/www.powerscreenofcalifornia.com\\\/es\\\/#\\\/schema\\\/logo\\\/image\\\/\",\"url\":\"https:\\\/\\\/www.powerscreenofcalifornia.com\\\/wp-content\\\/uploads\\\/2023\\\/02\\\/PoCLogo.png\",\"contentUrl\":\"https:\\\/\\\/www.powerscreenofcalifornia.com\\\/wp-content\\\/uploads\\\/2023\\\/02\\\/PoCLogo.png\",\"width\":1200,\"height\":900,\"caption\":\"Powerscreen of California\"},\"image\":{\"@id\":\"https:\\\/\\\/www.powerscreenofcalifornia.com\\\/es\\\/#\\\/schema\\\/logo\\\/image\\\/\"},\"sameAs\":[\"https:\\\/\\\/www.facebook.com\\\/powerscreenofcaliforniaandhawaii\\\/\",\"https:\\\/\\\/x.com\\\/PowerscreenCaHi\",\"https:\\\/\\\/www.linkedin.com\\\/company\\\/powerscreen-of-california-&-hawaii\",\"https:\\\/\\\/www.instagram.com\\\/powerscreen_cali\"]}]}<\/script>\n<!-- \/ Yoast SEO plugin. -->","yoast_head_json":{"title":"Pol\u00edticas - Powerscreen of California","description":"We are a leading independent new &amp; used industrial equipment dealer. Learn more about Pol\u00edticas here.","robots":{"index":"index","follow":"follow","max-snippet":"max-snippet:-1","max-image-preview":"max-image-preview:large","max-video-preview":"max-video-preview:-1"},"canonical":"https:\/\/www.powerscreenofcalifornia.com\/es\/quienes-somos\/politicas\/","og_locale":"es_ES","og_type":"article","og_title":"Pol\u00edticas - Powerscreen of California","og_description":"We are a leading independent new &amp; used industrial equipment dealer. Learn more about Pol\u00edticas here.","og_url":"https:\/\/www.powerscreenofcalifornia.com\/es\/quienes-somos\/politicas\/","og_site_name":"Powerscreen of California","article_publisher":"https:\/\/www.facebook.com\/powerscreenofcaliforniaandhawaii\/","article_modified_time":"2026-01-27T23:55:48+00:00","twitter_card":"summary_large_image","twitter_site":"@PowerscreenCaHi","schema":{"@context":"https:\/\/schema.org","@graph":[{"@type":"WebPage","@id":"https:\/\/www.powerscreenofcalifornia.com\/es\/quienes-somos\/politicas\/","url":"https:\/\/www.powerscreenofcalifornia.com\/es\/quienes-somos\/politicas\/","name":"Pol\u00edticas - Powerscreen of California","isPartOf":{"@id":"https:\/\/www.powerscreenofcalifornia.com\/es\/#website"},"datePublished":"2023-02-02T00:14:13+00:00","dateModified":"2026-01-27T23:55:48+00:00","description":"We are a leading independent new &amp; used industrial equipment dealer. Learn more about Pol\u00edticas here.","breadcrumb":{"@id":"https:\/\/www.powerscreenofcalifornia.com\/es\/quienes-somos\/politicas\/#breadcrumb"},"inLanguage":"es","potentialAction":[{"@type":"ReadAction","target":["https:\/\/www.powerscreenofcalifornia.com\/es\/quienes-somos\/politicas\/"]}]},{"@type":"BreadcrumbList","@id":"https:\/\/www.powerscreenofcalifornia.com\/es\/quienes-somos\/politicas\/#breadcrumb","itemListElement":[{"@type":"ListItem","position":1,"name":"Inicio","item":"https:\/\/www.powerscreenofcalifornia.com\/es\/"},{"@type":"ListItem","position":2,"name":"Qui\u00e9nes somos","item":"https:\/\/www.powerscreenofcalifornia.com\/es\/quienes-somos\/"},{"@type":"ListItem","position":3,"name":"Pol\u00edticas"}]},{"@type":"WebSite","@id":"https:\/\/www.powerscreenofcalifornia.com\/es\/#website","url":"https:\/\/www.powerscreenofcalifornia.com\/es\/","name":"Powerscreen of California","description":"The West Coast\u2019s Leading Independent Dealer For Materials Processing Equipment","publisher":{"@id":"https:\/\/www.powerscreenofcalifornia.com\/es\/#organization"},"potentialAction":[{"@type":"SearchAction","target":{"@type":"EntryPoint","urlTemplate":"https:\/\/www.powerscreenofcalifornia.com\/es\/?s={search_term_string}"},"query-input":{"@type":"PropertyValueSpecification","valueRequired":true,"valueName":"search_term_string"}}],"inLanguage":"es"},{"@type":"Organization","@id":"https:\/\/www.powerscreenofcalifornia.com\/es\/#organization","name":"Powerscreen of California","url":"https:\/\/www.powerscreenofcalifornia.com\/es\/","logo":{"@type":"ImageObject","inLanguage":"es","@id":"https:\/\/www.powerscreenofcalifornia.com\/es\/#\/schema\/logo\/image\/","url":"https:\/\/www.powerscreenofcalifornia.com\/wp-content\/uploads\/2023\/02\/PoCLogo.png","contentUrl":"https:\/\/www.powerscreenofcalifornia.com\/wp-content\/uploads\/2023\/02\/PoCLogo.png","width":1200,"height":900,"caption":"Powerscreen of California"},"image":{"@id":"https:\/\/www.powerscreenofcalifornia.com\/es\/#\/schema\/logo\/image\/"},"sameAs":["https:\/\/www.facebook.com\/powerscreenofcaliforniaandhawaii\/","https:\/\/x.com\/PowerscreenCaHi","https:\/\/www.linkedin.com\/company\/powerscreen-of-california-&-hawaii","https:\/\/www.instagram.com\/powerscreen_cali"]}]}},"_links":{"self":[{"href":"https:\/\/www.powerscreenofcalifornia.com\/es\/wp-json\/wp\/v2\/pages\/33410","targetHints":{"allow":["GET"]}}],"collection":[{"href":"https:\/\/www.powerscreenofcalifornia.com\/es\/wp-json\/wp\/v2\/pages"}],"about":[{"href":"https:\/\/www.powerscreenofcalifornia.com\/es\/wp-json\/wp\/v2\/types\/page"}],"author":[{"embeddable":true,"href":"https:\/\/www.powerscreenofcalifornia.com\/es\/wp-json\/wp\/v2\/users\/6"}],"replies":[{"embeddable":true,"href":"https:\/\/www.powerscreenofcalifornia.com\/es\/wp-json\/wp\/v2\/comments?post=33410"}],"version-history":[{"count":10,"href":"https:\/\/www.powerscreenofcalifornia.com\/es\/wp-json\/wp\/v2\/pages\/33410\/revisions"}],"predecessor-version":[{"id":48768,"href":"https:\/\/www.powerscreenofcalifornia.com\/es\/wp-json\/wp\/v2\/pages\/33410\/revisions\/48768"}],"up":[{"embeddable":true,"href":"https:\/\/www.powerscreenofcalifornia.com\/es\/wp-json\/wp\/v2\/pages\/33698"}],"wp:attachment":[{"href":"https:\/\/www.powerscreenofcalifornia.com\/es\/wp-json\/wp\/v2\/media?parent=33410"}],"curies":[{"name":"wp","href":"https:\/\/api.w.org\/{rel}","templated":true}]}}